{"id":8280,"date":"2022-06-23T16:55:05","date_gmt":"2022-06-23T16:55:05","guid":{"rendered":"https:\/\/www.friemo.pt\/2022\/produto\/linx-plonges\/"},"modified":"2022-10-20T10:46:21","modified_gmt":"2022-10-20T10:46:21","slug":"linx-plonges","status":"publish","type":"product","link":"https:\/\/www.friemo.pt\/fr\/produit\/linx-plonges\/","title":{"rendered":"Linx \u2013 Plonges"},"content":{"rendered":"","protected":false},"excerpt":{"rendered":"<ul>\n<li>Plonges adoss\u00e9es<\/li>\n<li>Plans de travail \u00e0 bords droits de 40 mm d\u2019\u00e9paisseur et \u00e0 dosseret inclin\u00e9 de 85 mm<\/li>\n<li>Plans de travail \u00e0 bords arrondis de 50 mm d\u2019\u00e9paisseur et \u00e0 dosseret droit de 100 mm<\/li>\n<li>Cuves insonoris\u00e9es<\/li>\n<li>Plusieurs tailles de cuve<\/li>\n<li>Bonde 55 et 90 mm<\/li>\n<li>Plan de travail estamp\u00e9 en versions standards<\/li>\n<li>Profondeur standard de 600 et 700 mm<\/li>\n<li>Plonges livr\u00e9es mont\u00e9es ou d\u00e9mont\u00e9es<\/li>\n<li>Fabrication robuste et solide<\/li>\n<li>Structure tubulaire 40x40x1 mm en acier inoxydable<\/li>\n<li>Mod\u00e8les standards et sur mesure<\/li>\n<li>Pieds r\u00e9glables en hauteur<\/li>\n<\/ul>\n","protected":false},"featured_media":2316,"comment_status":"open","ping_status":"closed","template":"","meta":{"_acf_changed":false},"product_cat":[267,373,249],"product_tag":[],"submarca":[204],"tipo":[271,270,504],"area":[],"class_list":{"0":"post-8280","1":"product","2":"type-product","3":"status-publish","4":"has-post-thumbnail","6":"product_cat-equipement-neutre","7":"product_cat-tables-eviers-et-plonges","8":"product_cat-type-fr","9":"submarca-linx","10":"tipo-equipement-en-acier-inoxydable","11":"tipo-equipement-neutre","12":"tipo-tables-eviers-et-plonges","14":"first","15":"instock","16":"shipping-taxable","17":"product-type-simple"},"acf":[],"yoast_head":"<!-- This site is optimized with the Yoast SEO plugin v25.0 - https:\/\/yoast.com\/wordpress\/plugins\/seo\/ -->\n<title>Linx \u2013 Plonges - Friemo<\/title>\n<meta name=\"robots\" content=\"index, follow, max-snippet:-1, max-image-preview:large, max-video-preview:-1\" \/>\n<link rel=\"canonical\" href=\"https:\/\/www.friemo.pt\/fr\/produit\/linx-plonges\/\" \/>\n<meta property=\"og:locale\" content=\"fr_FR\" \/>\n<meta property=\"og:type\" content=\"article\" \/>\n<meta property=\"og:title\" content=\"Linx \u2013 Plonges - Friemo\" \/>\n<meta property=\"og:description\" content=\"Plonges adoss\u00e9es Plans de travail \u00e0 bords droits de 40 mm d\u2019\u00e9paisseur et \u00e0 dosseret inclin\u00e9 de 85 mm Plans de travail \u00e0 bords arrondis de 50 mm d\u2019\u00e9paisseur et \u00e0 dosseret droit de 100 mm Cuves insonoris\u00e9es Plusieurs tailles de cuve Bonde 55 et 90 mm Plan de travail estamp\u00e9 en versions standards Profondeur standard de 600 et 700 mm Plonges livr\u00e9es mont\u00e9es ou d\u00e9mont\u00e9es Fabrication robuste et solide Structure tubulaire 40x40x1 mm en acier inoxydable Mod\u00e8les standards et sur mesure Pieds r\u00e9glables en hauteur\" \/>\n<meta property=\"og:url\" content=\"https:\/\/www.friemo.pt\/fr\/produit\/linx-plonges\/\" \/>\n<meta property=\"og:site_name\" content=\"Friemo\" \/>\n<meta property=\"article:publisher\" content=\"https:\/\/www.facebook.com\/friemo.purever\" \/>\n<meta property=\"article:modified_time\" content=\"2022-10-20T10:46:21+00:00\" \/>\n<meta property=\"og:image\" content=\"https:\/\/www.friemo.pt\/wp-content\/uploads\/2022\/06\/Linx-Lavadouro-simples-1.jpg\" \/>\n\t<meta property=\"og:image:width\" content=\"1050\" \/>\n\t<meta property=\"og:image:height\" content=\"1050\" \/>\n\t<meta property=\"og:image:type\" content=\"image\/jpeg\" \/>\n<meta name=\"twitter:card\" content=\"summary_large_image\" \/>\n<script type=\"application\/ld+json\" class=\"yoast-schema-graph\">{\"@context\":\"https:\/\/schema.org\",\"@graph\":[{\"@type\":\"WebPage\",\"@id\":\"https:\/\/www.friemo.pt\/fr\/produit\/linx-plonges\/\",\"url\":\"https:\/\/www.friemo.pt\/fr\/produit\/linx-plonges\/\",\"name\":\"Linx \u2013 Plonges - Friemo\",\"isPartOf\":{\"@id\":\"https:\/\/www.friemo.pt\/en\/#website\"},\"primaryImageOfPage\":{\"@id\":\"https:\/\/www.friemo.pt\/fr\/produit\/linx-plonges\/#primaryimage\"},\"image\":{\"@id\":\"https:\/\/www.friemo.pt\/fr\/produit\/linx-plonges\/#primaryimage\"},\"thumbnailUrl\":\"https:\/\/www.friemo.pt\/wp-content\/uploads\/2022\/06\/Linx-Lavadouro-simples-1.jpg\",\"datePublished\":\"2022-06-23T16:55:05+00:00\",\"dateModified\":\"2022-10-20T10:46:21+00:00\",\"breadcrumb\":{\"@id\":\"https:\/\/www.friemo.pt\/fr\/produit\/linx-plonges\/#breadcrumb\"},\"inLanguage\":\"fr-FR\",\"potentialAction\":[{\"@type\":\"ReadAction\",\"target\":[\"https:\/\/www.friemo.pt\/fr\/produit\/linx-plonges\/\"]}]},{\"@type\":\"ImageObject\",\"inLanguage\":\"fr-FR\",\"@id\":\"https:\/\/www.friemo.pt\/fr\/produit\/linx-plonges\/#primaryimage\",\"url\":\"https:\/\/www.friemo.pt\/wp-content\/uploads\/2022\/06\/Linx-Lavadouro-simples-1.jpg\",\"contentUrl\":\"https:\/\/www.friemo.pt\/wp-content\/uploads\/2022\/06\/Linx-Lavadouro-simples-1.jpg\",\"width\":1050,\"height\":1050},{\"@type\":\"BreadcrumbList\",\"@id\":\"https:\/\/www.friemo.pt\/fr\/produit\/linx-plonges\/#breadcrumb\",\"itemListElement\":[{\"@type\":\"ListItem\",\"position\":1,\"name\":\"In\u00edcio\",\"item\":\"https:\/\/www.friemo.pt\/\"},{\"@type\":\"ListItem\",\"position\":2,\"name\":\"Products\",\"item\":\"https:\/\/www.friemo.pt\/en\/shop\/\"},{\"@type\":\"ListItem\",\"position\":3,\"name\":\"Linx \u2013 Plonges\"}]},{\"@type\":\"WebSite\",\"@id\":\"https:\/\/www.friemo.pt\/en\/#website\",\"url\":\"https:\/\/www.friemo.pt\/en\/\",\"name\":\"Friemo\",\"description\":\"Caring for what you care for\",\"publisher\":{\"@id\":\"https:\/\/www.friemo.pt\/en\/#organization\"},\"potentialAction\":[{\"@type\":\"SearchAction\",\"target\":{\"@type\":\"EntryPoint\",\"urlTemplate\":\"https:\/\/www.friemo.pt\/en\/?s={search_term_string}\"},\"query-input\":{\"@type\":\"PropertyValueSpecification\",\"valueRequired\":true,\"valueName\":\"search_term_string\"}}],\"inLanguage\":\"fr-FR\"},{\"@type\":\"Organization\",\"@id\":\"https:\/\/www.friemo.pt\/en\/#organization\",\"name\":\"Friemo\",\"url\":\"https:\/\/www.friemo.pt\/en\/\",\"logo\":{\"@type\":\"ImageObject\",\"inLanguage\":\"fr-FR\",\"@id\":\"https:\/\/www.friemo.pt\/en\/#\/schema\/logo\/image\/\",\"url\":\"https:\/\/www.friemo.pt\/wp-content\/uploads\/2022\/02\/Friemo_logo.png\",\"contentUrl\":\"https:\/\/www.friemo.pt\/wp-content\/uploads\/2022\/02\/Friemo_logo.png\",\"width\":1417,\"height\":271,\"caption\":\"Friemo\"},\"image\":{\"@id\":\"https:\/\/www.friemo.pt\/en\/#\/schema\/logo\/image\/\"},\"sameAs\":[\"https:\/\/www.facebook.com\/friemo.purever\",\"https:\/\/www.instagram.com\/friemo.purever\/\"]}]}<\/script>\n<!-- \/ Yoast SEO plugin. -->","yoast_head_json":{"title":"Linx \u2013 Plonges - Friemo","robots":{"index":"index","follow":"follow","max-snippet":"max-snippet:-1","max-image-preview":"max-image-preview:large","max-video-preview":"max-video-preview:-1"},"canonical":"https:\/\/www.friemo.pt\/fr\/produit\/linx-plonges\/","og_locale":"fr_FR","og_type":"article","og_title":"Linx \u2013 Plonges - Friemo","og_description":"Plonges adoss\u00e9es Plans de travail \u00e0 bords droits de 40 mm d\u2019\u00e9paisseur et \u00e0 dosseret inclin\u00e9 de 85 mm Plans de travail \u00e0 bords arrondis de 50 mm d\u2019\u00e9paisseur et \u00e0 dosseret droit de 100 mm Cuves insonoris\u00e9es Plusieurs tailles de cuve Bonde 55 et 90 mm Plan de travail estamp\u00e9 en versions standards Profondeur standard de 600 et 700 mm Plonges livr\u00e9es mont\u00e9es ou d\u00e9mont\u00e9es Fabrication robuste et solide Structure tubulaire 40x40x1 mm en acier inoxydable Mod\u00e8les standards et sur mesure Pieds r\u00e9glables en hauteur","og_url":"https:\/\/www.friemo.pt\/fr\/produit\/linx-plonges\/","og_site_name":"Friemo","article_publisher":"https:\/\/www.facebook.com\/friemo.purever","article_modified_time":"2022-10-20T10:46:21+00:00","og_image":[{"width":1050,"height":1050,"url":"https:\/\/www.friemo.pt\/wp-content\/uploads\/2022\/06\/Linx-Lavadouro-simples-1.jpg","type":"image\/jpeg"}],"twitter_card":"summary_large_image","schema":{"@context":"https:\/\/schema.org","@graph":[{"@type":"WebPage","@id":"https:\/\/www.friemo.pt\/fr\/produit\/linx-plonges\/","url":"https:\/\/www.friemo.pt\/fr\/produit\/linx-plonges\/","name":"Linx \u2013 Plonges - Friemo","isPartOf":{"@id":"https:\/\/www.friemo.pt\/en\/#website"},"primaryImageOfPage":{"@id":"https:\/\/www.friemo.pt\/fr\/produit\/linx-plonges\/#primaryimage"},"image":{"@id":"https:\/\/www.friemo.pt\/fr\/produit\/linx-plonges\/#primaryimage"},"thumbnailUrl":"https:\/\/www.friemo.pt\/wp-content\/uploads\/2022\/06\/Linx-Lavadouro-simples-1.jpg","datePublished":"2022-06-23T16:55:05+00:00","dateModified":"2022-10-20T10:46:21+00:00","breadcrumb":{"@id":"https:\/\/www.friemo.pt\/fr\/produit\/linx-plonges\/#breadcrumb"},"inLanguage":"fr-FR","potentialAction":[{"@type":"ReadAction","target":["https:\/\/www.friemo.pt\/fr\/produit\/linx-plonges\/"]}]},{"@type":"ImageObject","inLanguage":"fr-FR","@id":"https:\/\/www.friemo.pt\/fr\/produit\/linx-plonges\/#primaryimage","url":"https:\/\/www.friemo.pt\/wp-content\/uploads\/2022\/06\/Linx-Lavadouro-simples-1.jpg","contentUrl":"https:\/\/www.friemo.pt\/wp-content\/uploads\/2022\/06\/Linx-Lavadouro-simples-1.jpg","width":1050,"height":1050},{"@type":"BreadcrumbList","@id":"https:\/\/www.friemo.pt\/fr\/produit\/linx-plonges\/#breadcrumb","itemListElement":[{"@type":"ListItem","position":1,"name":"In\u00edcio","item":"https:\/\/www.friemo.pt\/"},{"@type":"ListItem","position":2,"name":"Products","item":"https:\/\/www.friemo.pt\/en\/shop\/"},{"@type":"ListItem","position":3,"name":"Linx \u2013 Plonges"}]},{"@type":"WebSite","@id":"https:\/\/www.friemo.pt\/en\/#website","url":"https:\/\/www.friemo.pt\/en\/","name":"Friemo","description":"Caring for what you care for","publisher":{"@id":"https:\/\/www.friemo.pt\/en\/#organization"},"potentialAction":[{"@type":"SearchAction","target":{"@type":"EntryPoint","urlTemplate":"https:\/\/www.friemo.pt\/en\/?s={search_term_string}"},"query-input":{"@type":"PropertyValueSpecification","valueRequired":true,"valueName":"search_term_string"}}],"inLanguage":"fr-FR"},{"@type":"Organization","@id":"https:\/\/www.friemo.pt\/en\/#organization","name":"Friemo","url":"https:\/\/www.friemo.pt\/en\/","logo":{"@type":"ImageObject","inLanguage":"fr-FR","@id":"https:\/\/www.friemo.pt\/en\/#\/schema\/logo\/image\/","url":"https:\/\/www.friemo.pt\/wp-content\/uploads\/2022\/02\/Friemo_logo.png","contentUrl":"https:\/\/www.friemo.pt\/wp-content\/uploads\/2022\/02\/Friemo_logo.png","width":1417,"height":271,"caption":"Friemo"},"image":{"@id":"https:\/\/www.friemo.pt\/en\/#\/schema\/logo\/image\/"},"sameAs":["https:\/\/www.facebook.com\/friemo.purever","https:\/\/www.instagram.com\/friemo.purever\/"]}]}},"_links":{"self":[{"href":"https:\/\/www.friemo.pt\/fr\/wp-json\/wp\/v2\/product\/8280"}],"collection":[{"href":"https:\/\/www.friemo.pt\/fr\/wp-json\/wp\/v2\/product"}],"about":[{"href":"https:\/\/www.friemo.pt\/fr\/wp-json\/wp\/v2\/types\/product"}],"replies":[{"embeddable":true,"href":"https:\/\/www.friemo.pt\/fr\/wp-json\/wp\/v2\/comments?post=8280"}],"wp:featuredmedia":[{"embeddable":true,"href":"https:\/\/www.friemo.pt\/fr\/wp-json\/wp\/v2\/media\/2316"}],"wp:attachment":[{"href":"https:\/\/www.friemo.pt\/fr\/wp-json\/wp\/v2\/media?parent=8280"}],"wp:term":[{"taxonomy":"product_cat","embeddable":true,"href":"https:\/\/www.friemo.pt\/fr\/wp-json\/wp\/v2\/product_cat?post=8280"},{"taxonomy":"product_tag","embeddable":true,"href":"https:\/\/www.friemo.pt\/fr\/wp-json\/wp\/v2\/product_tag?post=8280"},{"taxonomy":"submarca","embeddable":true,"href":"https:\/\/www.friemo.pt\/fr\/wp-json\/wp\/v2\/submarca?post=8280"},{"taxonomy":"tipo","embeddable":true,"href":"https:\/\/www.friemo.pt\/fr\/wp-json\/wp\/v2\/tipo?post=8280"},{"taxonomy":"area","embeddable":true,"href":"https:\/\/www.friemo.pt\/fr\/wp-json\/wp\/v2\/area?post=8280"}],"curies":[{"name":"wp","href":"https:\/\/api.w.org\/{rel}","templated":true}]}}