{"id":8264,"date":"2022-06-23T16:55:56","date_gmt":"2022-06-23T16:55:56","guid":{"rendered":"https:\/\/www.friemo.pt\/2022\/produto\/linx-hottes-aspirantes-a-compensation\/"},"modified":"2022-10-20T10:46:14","modified_gmt":"2022-10-20T10:46:14","slug":"linx-hottes-aspirantes-a-compensation","status":"publish","type":"product","link":"https:\/\/www.friemo.pt\/fr\/produit\/linx-hottes-aspirantes-a-compensation\/","title":{"rendered":"Linx \u2013 Hottes aspirantes \u00e0 compensation"},"content":{"rendered":"","protected":false},"excerpt":{"rendered":"<ul>\n<li>Fabrication en acier inoxydable<\/li>\n<li>Hauteur de 750 mm<\/li>\n<li>Livr\u00e9es en une seule pi\u00e8ce jusqu\u2019\u00e0 une longueur de 2,9 m<\/li>\n<li>Filtres non fournis<\/li>\n<li>Robinet de vidange des graisses<\/li>\n<li>Mod\u00e8les standards ou sur mesure<\/li>\n<\/ul>\n","protected":false},"featured_media":2414,"comment_status":"open","ping_status":"closed","template":"","meta":{"_acf_changed":false},"product_cat":[268,267,355,249],"product_tag":[],"submarca":[204],"tipo":[271,270,516],"area":[],"class_list":{"0":"post-8264","1":"product","2":"type-product","3":"status-publish","4":"has-post-thumbnail","6":"product_cat-equipement-en-acier-inoxydable","7":"product_cat-equipement-neutre","8":"product_cat-hottes-fr","9":"product_cat-type-fr","10":"submarca-linx","11":"tipo-equipement-en-acier-inoxydable","12":"tipo-equipement-neutre","13":"tipo-hottes-fr","15":"first","16":"instock","17":"shipping-taxable","18":"product-type-simple"},"acf":[],"yoast_head":"<!-- This site is optimized with the Yoast SEO plugin v25.0 - https:\/\/yoast.com\/wordpress\/plugins\/seo\/ -->\n<title>Linx \u2013 Hottes aspirantes \u00e0 compensation - Friemo<\/title>\n<meta name=\"robots\" content=\"index, follow, max-snippet:-1, max-image-preview:large, max-video-preview:-1\" \/>\n<link rel=\"canonical\" href=\"https:\/\/www.friemo.pt\/fr\/produit\/linx-hottes-aspirantes-a-compensation\/\" \/>\n<meta property=\"og:locale\" content=\"fr_FR\" \/>\n<meta property=\"og:type\" content=\"article\" \/>\n<meta property=\"og:title\" content=\"Linx \u2013 Hottes aspirantes \u00e0 compensation - Friemo\" \/>\n<meta property=\"og:description\" content=\"Fabrication en acier inoxydable Hauteur de 750 mm Livr\u00e9es en une seule pi\u00e8ce jusqu\u2019\u00e0 une longueur de 2,9 m Filtres non fournis Robinet de vidange des graisses Mod\u00e8les standards ou sur mesure\" \/>\n<meta property=\"og:url\" content=\"https:\/\/www.friemo.pt\/fr\/produit\/linx-hottes-aspirantes-a-compensation\/\" \/>\n<meta property=\"og:site_name\" content=\"Friemo\" \/>\n<meta property=\"article:publisher\" content=\"https:\/\/www.facebook.com\/friemo.purever\" \/>\n<meta property=\"article:modified_time\" content=\"2022-10-20T10:46:14+00:00\" \/>\n<meta property=\"og:image\" content=\"https:\/\/www.friemo.pt\/wp-content\/uploads\/2022\/06\/Linx-Hottes-aspirantes-compensadas-mural.jpg\" \/>\n\t<meta property=\"og:image:width\" content=\"1050\" \/>\n\t<meta property=\"og:image:height\" content=\"1050\" \/>\n\t<meta property=\"og:image:type\" content=\"image\/jpeg\" \/>\n<meta name=\"twitter:card\" content=\"summary_large_image\" \/>\n<script type=\"application\/ld+json\" class=\"yoast-schema-graph\">{\"@context\":\"https:\/\/schema.org\",\"@graph\":[{\"@type\":\"WebPage\",\"@id\":\"https:\/\/www.friemo.pt\/fr\/produit\/linx-hottes-aspirantes-a-compensation\/\",\"url\":\"https:\/\/www.friemo.pt\/fr\/produit\/linx-hottes-aspirantes-a-compensation\/\",\"name\":\"Linx \u2013 Hottes aspirantes \u00e0 compensation - Friemo\",\"isPartOf\":{\"@id\":\"https:\/\/www.friemo.pt\/en\/#website\"},\"primaryImageOfPage\":{\"@id\":\"https:\/\/www.friemo.pt\/fr\/produit\/linx-hottes-aspirantes-a-compensation\/#primaryimage\"},\"image\":{\"@id\":\"https:\/\/www.friemo.pt\/fr\/produit\/linx-hottes-aspirantes-a-compensation\/#primaryimage\"},\"thumbnailUrl\":\"https:\/\/www.friemo.pt\/wp-content\/uploads\/2022\/06\/Linx-Hottes-aspirantes-compensadas-mural.jpg\",\"datePublished\":\"2022-06-23T16:55:56+00:00\",\"dateModified\":\"2022-10-20T10:46:14+00:00\",\"breadcrumb\":{\"@id\":\"https:\/\/www.friemo.pt\/fr\/produit\/linx-hottes-aspirantes-a-compensation\/#breadcrumb\"},\"inLanguage\":\"fr-FR\",\"potentialAction\":[{\"@type\":\"ReadAction\",\"target\":[\"https:\/\/www.friemo.pt\/fr\/produit\/linx-hottes-aspirantes-a-compensation\/\"]}]},{\"@type\":\"ImageObject\",\"inLanguage\":\"fr-FR\",\"@id\":\"https:\/\/www.friemo.pt\/fr\/produit\/linx-hottes-aspirantes-a-compensation\/#primaryimage\",\"url\":\"https:\/\/www.friemo.pt\/wp-content\/uploads\/2022\/06\/Linx-Hottes-aspirantes-compensadas-mural.jpg\",\"contentUrl\":\"https:\/\/www.friemo.pt\/wp-content\/uploads\/2022\/06\/Linx-Hottes-aspirantes-compensadas-mural.jpg\",\"width\":1050,\"height\":1050},{\"@type\":\"BreadcrumbList\",\"@id\":\"https:\/\/www.friemo.pt\/fr\/produit\/linx-hottes-aspirantes-a-compensation\/#breadcrumb\",\"itemListElement\":[{\"@type\":\"ListItem\",\"position\":1,\"name\":\"In\u00edcio\",\"item\":\"https:\/\/www.friemo.pt\/\"},{\"@type\":\"ListItem\",\"position\":2,\"name\":\"Products\",\"item\":\"https:\/\/www.friemo.pt\/en\/shop\/\"},{\"@type\":\"ListItem\",\"position\":3,\"name\":\"Linx \u2013 Hottes aspirantes \u00e0 compensation\"}]},{\"@type\":\"WebSite\",\"@id\":\"https:\/\/www.friemo.pt\/en\/#website\",\"url\":\"https:\/\/www.friemo.pt\/en\/\",\"name\":\"Friemo\",\"description\":\"Caring for what you care for\",\"publisher\":{\"@id\":\"https:\/\/www.friemo.pt\/en\/#organization\"},\"potentialAction\":[{\"@type\":\"SearchAction\",\"target\":{\"@type\":\"EntryPoint\",\"urlTemplate\":\"https:\/\/www.friemo.pt\/en\/?s={search_term_string}\"},\"query-input\":{\"@type\":\"PropertyValueSpecification\",\"valueRequired\":true,\"valueName\":\"search_term_string\"}}],\"inLanguage\":\"fr-FR\"},{\"@type\":\"Organization\",\"@id\":\"https:\/\/www.friemo.pt\/en\/#organization\",\"name\":\"Friemo\",\"url\":\"https:\/\/www.friemo.pt\/en\/\",\"logo\":{\"@type\":\"ImageObject\",\"inLanguage\":\"fr-FR\",\"@id\":\"https:\/\/www.friemo.pt\/en\/#\/schema\/logo\/image\/\",\"url\":\"https:\/\/www.friemo.pt\/wp-content\/uploads\/2022\/02\/Friemo_logo.png\",\"contentUrl\":\"https:\/\/www.friemo.pt\/wp-content\/uploads\/2022\/02\/Friemo_logo.png\",\"width\":1417,\"height\":271,\"caption\":\"Friemo\"},\"image\":{\"@id\":\"https:\/\/www.friemo.pt\/en\/#\/schema\/logo\/image\/\"},\"sameAs\":[\"https:\/\/www.facebook.com\/friemo.purever\",\"https:\/\/www.instagram.com\/friemo.purever\/\"]}]}<\/script>\n<!-- \/ Yoast SEO plugin. -->","yoast_head_json":{"title":"Linx \u2013 Hottes aspirantes \u00e0 compensation - Friemo","robots":{"index":"index","follow":"follow","max-snippet":"max-snippet:-1","max-image-preview":"max-image-preview:large","max-video-preview":"max-video-preview:-1"},"canonical":"https:\/\/www.friemo.pt\/fr\/produit\/linx-hottes-aspirantes-a-compensation\/","og_locale":"fr_FR","og_type":"article","og_title":"Linx \u2013 Hottes aspirantes \u00e0 compensation - Friemo","og_description":"Fabrication en acier inoxydable Hauteur de 750 mm Livr\u00e9es en une seule pi\u00e8ce jusqu\u2019\u00e0 une longueur de 2,9 m Filtres non fournis Robinet de vidange des graisses Mod\u00e8les standards ou sur mesure","og_url":"https:\/\/www.friemo.pt\/fr\/produit\/linx-hottes-aspirantes-a-compensation\/","og_site_name":"Friemo","article_publisher":"https:\/\/www.facebook.com\/friemo.purever","article_modified_time":"2022-10-20T10:46:14+00:00","og_image":[{"width":1050,"height":1050,"url":"https:\/\/www.friemo.pt\/wp-content\/uploads\/2022\/06\/Linx-Hottes-aspirantes-compensadas-mural.jpg","type":"image\/jpeg"}],"twitter_card":"summary_large_image","schema":{"@context":"https:\/\/schema.org","@graph":[{"@type":"WebPage","@id":"https:\/\/www.friemo.pt\/fr\/produit\/linx-hottes-aspirantes-a-compensation\/","url":"https:\/\/www.friemo.pt\/fr\/produit\/linx-hottes-aspirantes-a-compensation\/","name":"Linx \u2013 Hottes aspirantes \u00e0 compensation - Friemo","isPartOf":{"@id":"https:\/\/www.friemo.pt\/en\/#website"},"primaryImageOfPage":{"@id":"https:\/\/www.friemo.pt\/fr\/produit\/linx-hottes-aspirantes-a-compensation\/#primaryimage"},"image":{"@id":"https:\/\/www.friemo.pt\/fr\/produit\/linx-hottes-aspirantes-a-compensation\/#primaryimage"},"thumbnailUrl":"https:\/\/www.friemo.pt\/wp-content\/uploads\/2022\/06\/Linx-Hottes-aspirantes-compensadas-mural.jpg","datePublished":"2022-06-23T16:55:56+00:00","dateModified":"2022-10-20T10:46:14+00:00","breadcrumb":{"@id":"https:\/\/www.friemo.pt\/fr\/produit\/linx-hottes-aspirantes-a-compensation\/#breadcrumb"},"inLanguage":"fr-FR","potentialAction":[{"@type":"ReadAction","target":["https:\/\/www.friemo.pt\/fr\/produit\/linx-hottes-aspirantes-a-compensation\/"]}]},{"@type":"ImageObject","inLanguage":"fr-FR","@id":"https:\/\/www.friemo.pt\/fr\/produit\/linx-hottes-aspirantes-a-compensation\/#primaryimage","url":"https:\/\/www.friemo.pt\/wp-content\/uploads\/2022\/06\/Linx-Hottes-aspirantes-compensadas-mural.jpg","contentUrl":"https:\/\/www.friemo.pt\/wp-content\/uploads\/2022\/06\/Linx-Hottes-aspirantes-compensadas-mural.jpg","width":1050,"height":1050},{"@type":"BreadcrumbList","@id":"https:\/\/www.friemo.pt\/fr\/produit\/linx-hottes-aspirantes-a-compensation\/#breadcrumb","itemListElement":[{"@type":"ListItem","position":1,"name":"In\u00edcio","item":"https:\/\/www.friemo.pt\/"},{"@type":"ListItem","position":2,"name":"Products","item":"https:\/\/www.friemo.pt\/en\/shop\/"},{"@type":"ListItem","position":3,"name":"Linx \u2013 Hottes aspirantes \u00e0 compensation"}]},{"@type":"WebSite","@id":"https:\/\/www.friemo.pt\/en\/#website","url":"https:\/\/www.friemo.pt\/en\/","name":"Friemo","description":"Caring for what you care for","publisher":{"@id":"https:\/\/www.friemo.pt\/en\/#organization"},"potentialAction":[{"@type":"SearchAction","target":{"@type":"EntryPoint","urlTemplate":"https:\/\/www.friemo.pt\/en\/?s={search_term_string}"},"query-input":{"@type":"PropertyValueSpecification","valueRequired":true,"valueName":"search_term_string"}}],"inLanguage":"fr-FR"},{"@type":"Organization","@id":"https:\/\/www.friemo.pt\/en\/#organization","name":"Friemo","url":"https:\/\/www.friemo.pt\/en\/","logo":{"@type":"ImageObject","inLanguage":"fr-FR","@id":"https:\/\/www.friemo.pt\/en\/#\/schema\/logo\/image\/","url":"https:\/\/www.friemo.pt\/wp-content\/uploads\/2022\/02\/Friemo_logo.png","contentUrl":"https:\/\/www.friemo.pt\/wp-content\/uploads\/2022\/02\/Friemo_logo.png","width":1417,"height":271,"caption":"Friemo"},"image":{"@id":"https:\/\/www.friemo.pt\/en\/#\/schema\/logo\/image\/"},"sameAs":["https:\/\/www.facebook.com\/friemo.purever","https:\/\/www.instagram.com\/friemo.purever\/"]}]}},"_links":{"self":[{"href":"https:\/\/www.friemo.pt\/fr\/wp-json\/wp\/v2\/product\/8264"}],"collection":[{"href":"https:\/\/www.friemo.pt\/fr\/wp-json\/wp\/v2\/product"}],"about":[{"href":"https:\/\/www.friemo.pt\/fr\/wp-json\/wp\/v2\/types\/product"}],"replies":[{"embeddable":true,"href":"https:\/\/www.friemo.pt\/fr\/wp-json\/wp\/v2\/comments?post=8264"}],"wp:featuredmedia":[{"embeddable":true,"href":"https:\/\/www.friemo.pt\/fr\/wp-json\/wp\/v2\/media\/2414"}],"wp:attachment":[{"href":"https:\/\/www.friemo.pt\/fr\/wp-json\/wp\/v2\/media?parent=8264"}],"wp:term":[{"taxonomy":"product_cat","embeddable":true,"href":"https:\/\/www.friemo.pt\/fr\/wp-json\/wp\/v2\/product_cat?post=8264"},{"taxonomy":"product_tag","embeddable":true,"href":"https:\/\/www.friemo.pt\/fr\/wp-json\/wp\/v2\/product_tag?post=8264"},{"taxonomy":"submarca","embeddable":true,"href":"https:\/\/www.friemo.pt\/fr\/wp-json\/wp\/v2\/submarca?post=8264"},{"taxonomy":"tipo","embeddable":true,"href":"https:\/\/www.friemo.pt\/fr\/wp-json\/wp\/v2\/tipo?post=8264"},{"taxonomy":"area","embeddable":true,"href":"https:\/\/www.friemo.pt\/fr\/wp-json\/wp\/v2\/area?post=8264"}],"curies":[{"name":"wp","href":"https:\/\/api.w.org\/{rel}","templated":true}]}}