{"id":8145,"date":"2022-06-23T16:52:11","date_gmt":"2022-06-23T16:52:11","guid":{"rendered":"https:\/\/www.friemo.pt\/2022\/produto\/araya-vitrine-neutre\/"},"modified":"2022-10-20T10:51:57","modified_gmt":"2022-10-20T10:51:57","slug":"araya-vitrine-neutre","status":"publish","type":"product","link":"https:\/\/www.friemo.pt\/fr\/produit\/araya-vitrine-neutre\/","title":{"rendered":"Araya \u2013 Vitrine neutre"},"content":{"rendered":"","protected":false},"excerpt":{"rendered":"<ul>\n<li>Vitres bomb\u00e9es ou droites. Les vitres lat\u00e9rales et frontales bomb\u00e9es sont en verre tremp\u00e9<\/li>\n<li>\u00c9tag\u00e8re interm\u00e9diaire en verre<\/li>\n<li>Pieds r\u00e9glables<\/li>\n<li>Isolation en polyur\u00e9thane inject\u00e9 \u00e0 haute pression, sans CFC, \u00e0 densit\u00e9 de 40 kg\/m3<\/li>\n<\/ul>\n","protected":false},"featured_media":1260,"comment_status":"open","ping_status":"closed","template":"","meta":{"_acf_changed":false},"product_cat":[425,423,249,296],"product_tag":[],"submarca":[216],"tipo":[495,299],"area":[],"class_list":{"0":"post-8145","1":"product","2":"type-product","3":"status-publish","4":"has-post-thumbnail","6":"product_cat-araya-fr","7":"product_cat-multiservice","8":"product_cat-type-fr","9":"product_cat-vitrines-et-comptoirs","10":"submarca-araya","11":"tipo-multiservice","12":"tipo-vitrines-et-comptoirs","14":"first","15":"instock","16":"shipping-taxable","17":"product-type-simple"},"acf":[],"yoast_head":"<!-- This site is optimized with the Yoast SEO plugin v25.0 - https:\/\/yoast.com\/wordpress\/plugins\/seo\/ -->\n<title>Araya \u2013 Vitrine neutre - Friemo<\/title>\n<meta name=\"robots\" content=\"index, follow, max-snippet:-1, max-image-preview:large, max-video-preview:-1\" \/>\n<link rel=\"canonical\" href=\"https:\/\/www.friemo.pt\/fr\/produit\/araya-vitrine-neutre\/\" \/>\n<meta property=\"og:locale\" content=\"fr_FR\" \/>\n<meta property=\"og:type\" content=\"article\" \/>\n<meta property=\"og:title\" content=\"Araya \u2013 Vitrine neutre - Friemo\" \/>\n<meta property=\"og:description\" content=\"Vitres bomb\u00e9es ou droites. Les vitres lat\u00e9rales et frontales bomb\u00e9es sont en verre tremp\u00e9 \u00c9tag\u00e8re interm\u00e9diaire en verre Pieds r\u00e9glables Isolation en polyur\u00e9thane inject\u00e9 \u00e0 haute pression, sans CFC, \u00e0 densit\u00e9 de 40 kg\/m3\" \/>\n<meta property=\"og:url\" content=\"https:\/\/www.friemo.pt\/fr\/produit\/araya-vitrine-neutre\/\" \/>\n<meta property=\"og:site_name\" content=\"Friemo\" \/>\n<meta property=\"article:publisher\" content=\"https:\/\/www.facebook.com\/friemo.purever\" \/>\n<meta property=\"article:modified_time\" content=\"2022-10-20T10:51:57+00:00\" \/>\n<meta property=\"og:image\" content=\"https:\/\/www.friemo.pt\/wp-content\/uploads\/2022\/06\/araya-VD-neutra.jpg\" \/>\n\t<meta property=\"og:image:width\" content=\"1033\" \/>\n\t<meta property=\"og:image:height\" content=\"905\" \/>\n\t<meta property=\"og:image:type\" content=\"image\/jpeg\" \/>\n<meta name=\"twitter:card\" content=\"summary_large_image\" \/>\n<script type=\"application\/ld+json\" class=\"yoast-schema-graph\">{\"@context\":\"https:\/\/schema.org\",\"@graph\":[{\"@type\":\"WebPage\",\"@id\":\"https:\/\/www.friemo.pt\/fr\/produit\/araya-vitrine-neutre\/\",\"url\":\"https:\/\/www.friemo.pt\/fr\/produit\/araya-vitrine-neutre\/\",\"name\":\"Araya \u2013 Vitrine neutre - Friemo\",\"isPartOf\":{\"@id\":\"https:\/\/www.friemo.pt\/en\/#website\"},\"primaryImageOfPage\":{\"@id\":\"https:\/\/www.friemo.pt\/fr\/produit\/araya-vitrine-neutre\/#primaryimage\"},\"image\":{\"@id\":\"https:\/\/www.friemo.pt\/fr\/produit\/araya-vitrine-neutre\/#primaryimage\"},\"thumbnailUrl\":\"https:\/\/www.friemo.pt\/wp-content\/uploads\/2022\/06\/araya-VD-neutra.jpg\",\"datePublished\":\"2022-06-23T16:52:11+00:00\",\"dateModified\":\"2022-10-20T10:51:57+00:00\",\"breadcrumb\":{\"@id\":\"https:\/\/www.friemo.pt\/fr\/produit\/araya-vitrine-neutre\/#breadcrumb\"},\"inLanguage\":\"fr-FR\",\"potentialAction\":[{\"@type\":\"ReadAction\",\"target\":[\"https:\/\/www.friemo.pt\/fr\/produit\/araya-vitrine-neutre\/\"]}]},{\"@type\":\"ImageObject\",\"inLanguage\":\"fr-FR\",\"@id\":\"https:\/\/www.friemo.pt\/fr\/produit\/araya-vitrine-neutre\/#primaryimage\",\"url\":\"https:\/\/www.friemo.pt\/wp-content\/uploads\/2022\/06\/araya-VD-neutra.jpg\",\"contentUrl\":\"https:\/\/www.friemo.pt\/wp-content\/uploads\/2022\/06\/araya-VD-neutra.jpg\",\"width\":1033,\"height\":905},{\"@type\":\"BreadcrumbList\",\"@id\":\"https:\/\/www.friemo.pt\/fr\/produit\/araya-vitrine-neutre\/#breadcrumb\",\"itemListElement\":[{\"@type\":\"ListItem\",\"position\":1,\"name\":\"In\u00edcio\",\"item\":\"https:\/\/www.friemo.pt\/\"},{\"@type\":\"ListItem\",\"position\":2,\"name\":\"Products\",\"item\":\"https:\/\/www.friemo.pt\/en\/shop\/\"},{\"@type\":\"ListItem\",\"position\":3,\"name\":\"Araya \u2013 Vitrine neutre\"}]},{\"@type\":\"WebSite\",\"@id\":\"https:\/\/www.friemo.pt\/en\/#website\",\"url\":\"https:\/\/www.friemo.pt\/en\/\",\"name\":\"Friemo\",\"description\":\"Caring for what you care for\",\"publisher\":{\"@id\":\"https:\/\/www.friemo.pt\/en\/#organization\"},\"potentialAction\":[{\"@type\":\"SearchAction\",\"target\":{\"@type\":\"EntryPoint\",\"urlTemplate\":\"https:\/\/www.friemo.pt\/en\/?s={search_term_string}\"},\"query-input\":{\"@type\":\"PropertyValueSpecification\",\"valueRequired\":true,\"valueName\":\"search_term_string\"}}],\"inLanguage\":\"fr-FR\"},{\"@type\":\"Organization\",\"@id\":\"https:\/\/www.friemo.pt\/en\/#organization\",\"name\":\"Friemo\",\"url\":\"https:\/\/www.friemo.pt\/en\/\",\"logo\":{\"@type\":\"ImageObject\",\"inLanguage\":\"fr-FR\",\"@id\":\"https:\/\/www.friemo.pt\/en\/#\/schema\/logo\/image\/\",\"url\":\"https:\/\/www.friemo.pt\/wp-content\/uploads\/2022\/02\/Friemo_logo.png\",\"contentUrl\":\"https:\/\/www.friemo.pt\/wp-content\/uploads\/2022\/02\/Friemo_logo.png\",\"width\":1417,\"height\":271,\"caption\":\"Friemo\"},\"image\":{\"@id\":\"https:\/\/www.friemo.pt\/en\/#\/schema\/logo\/image\/\"},\"sameAs\":[\"https:\/\/www.facebook.com\/friemo.purever\",\"https:\/\/www.instagram.com\/friemo.purever\/\"]}]}<\/script>\n<!-- \/ Yoast SEO plugin. -->","yoast_head_json":{"title":"Araya \u2013 Vitrine neutre - Friemo","robots":{"index":"index","follow":"follow","max-snippet":"max-snippet:-1","max-image-preview":"max-image-preview:large","max-video-preview":"max-video-preview:-1"},"canonical":"https:\/\/www.friemo.pt\/fr\/produit\/araya-vitrine-neutre\/","og_locale":"fr_FR","og_type":"article","og_title":"Araya \u2013 Vitrine neutre - Friemo","og_description":"Vitres bomb\u00e9es ou droites. Les vitres lat\u00e9rales et frontales bomb\u00e9es sont en verre tremp\u00e9 \u00c9tag\u00e8re interm\u00e9diaire en verre Pieds r\u00e9glables Isolation en polyur\u00e9thane inject\u00e9 \u00e0 haute pression, sans CFC, \u00e0 densit\u00e9 de 40 kg\/m3","og_url":"https:\/\/www.friemo.pt\/fr\/produit\/araya-vitrine-neutre\/","og_site_name":"Friemo","article_publisher":"https:\/\/www.facebook.com\/friemo.purever","article_modified_time":"2022-10-20T10:51:57+00:00","og_image":[{"width":1033,"height":905,"url":"https:\/\/www.friemo.pt\/wp-content\/uploads\/2022\/06\/araya-VD-neutra.jpg","type":"image\/jpeg"}],"twitter_card":"summary_large_image","schema":{"@context":"https:\/\/schema.org","@graph":[{"@type":"WebPage","@id":"https:\/\/www.friemo.pt\/fr\/produit\/araya-vitrine-neutre\/","url":"https:\/\/www.friemo.pt\/fr\/produit\/araya-vitrine-neutre\/","name":"Araya \u2013 Vitrine neutre - Friemo","isPartOf":{"@id":"https:\/\/www.friemo.pt\/en\/#website"},"primaryImageOfPage":{"@id":"https:\/\/www.friemo.pt\/fr\/produit\/araya-vitrine-neutre\/#primaryimage"},"image":{"@id":"https:\/\/www.friemo.pt\/fr\/produit\/araya-vitrine-neutre\/#primaryimage"},"thumbnailUrl":"https:\/\/www.friemo.pt\/wp-content\/uploads\/2022\/06\/araya-VD-neutra.jpg","datePublished":"2022-06-23T16:52:11+00:00","dateModified":"2022-10-20T10:51:57+00:00","breadcrumb":{"@id":"https:\/\/www.friemo.pt\/fr\/produit\/araya-vitrine-neutre\/#breadcrumb"},"inLanguage":"fr-FR","potentialAction":[{"@type":"ReadAction","target":["https:\/\/www.friemo.pt\/fr\/produit\/araya-vitrine-neutre\/"]}]},{"@type":"ImageObject","inLanguage":"fr-FR","@id":"https:\/\/www.friemo.pt\/fr\/produit\/araya-vitrine-neutre\/#primaryimage","url":"https:\/\/www.friemo.pt\/wp-content\/uploads\/2022\/06\/araya-VD-neutra.jpg","contentUrl":"https:\/\/www.friemo.pt\/wp-content\/uploads\/2022\/06\/araya-VD-neutra.jpg","width":1033,"height":905},{"@type":"BreadcrumbList","@id":"https:\/\/www.friemo.pt\/fr\/produit\/araya-vitrine-neutre\/#breadcrumb","itemListElement":[{"@type":"ListItem","position":1,"name":"In\u00edcio","item":"https:\/\/www.friemo.pt\/"},{"@type":"ListItem","position":2,"name":"Products","item":"https:\/\/www.friemo.pt\/en\/shop\/"},{"@type":"ListItem","position":3,"name":"Araya \u2013 Vitrine neutre"}]},{"@type":"WebSite","@id":"https:\/\/www.friemo.pt\/en\/#website","url":"https:\/\/www.friemo.pt\/en\/","name":"Friemo","description":"Caring for what you care for","publisher":{"@id":"https:\/\/www.friemo.pt\/en\/#organization"},"potentialAction":[{"@type":"SearchAction","target":{"@type":"EntryPoint","urlTemplate":"https:\/\/www.friemo.pt\/en\/?s={search_term_string}"},"query-input":{"@type":"PropertyValueSpecification","valueRequired":true,"valueName":"search_term_string"}}],"inLanguage":"fr-FR"},{"@type":"Organization","@id":"https:\/\/www.friemo.pt\/en\/#organization","name":"Friemo","url":"https:\/\/www.friemo.pt\/en\/","logo":{"@type":"ImageObject","inLanguage":"fr-FR","@id":"https:\/\/www.friemo.pt\/en\/#\/schema\/logo\/image\/","url":"https:\/\/www.friemo.pt\/wp-content\/uploads\/2022\/02\/Friemo_logo.png","contentUrl":"https:\/\/www.friemo.pt\/wp-content\/uploads\/2022\/02\/Friemo_logo.png","width":1417,"height":271,"caption":"Friemo"},"image":{"@id":"https:\/\/www.friemo.pt\/en\/#\/schema\/logo\/image\/"},"sameAs":["https:\/\/www.facebook.com\/friemo.purever","https:\/\/www.instagram.com\/friemo.purever\/"]}]}},"_links":{"self":[{"href":"https:\/\/www.friemo.pt\/fr\/wp-json\/wp\/v2\/product\/8145"}],"collection":[{"href":"https:\/\/www.friemo.pt\/fr\/wp-json\/wp\/v2\/product"}],"about":[{"href":"https:\/\/www.friemo.pt\/fr\/wp-json\/wp\/v2\/types\/product"}],"replies":[{"embeddable":true,"href":"https:\/\/www.friemo.pt\/fr\/wp-json\/wp\/v2\/comments?post=8145"}],"wp:featuredmedia":[{"embeddable":true,"href":"https:\/\/www.friemo.pt\/fr\/wp-json\/wp\/v2\/media\/1260"}],"wp:attachment":[{"href":"https:\/\/www.friemo.pt\/fr\/wp-json\/wp\/v2\/media?parent=8145"}],"wp:term":[{"taxonomy":"product_cat","embeddable":true,"href":"https:\/\/www.friemo.pt\/fr\/wp-json\/wp\/v2\/product_cat?post=8145"},{"taxonomy":"product_tag","embeddable":true,"href":"https:\/\/www.friemo.pt\/fr\/wp-json\/wp\/v2\/product_tag?post=8145"},{"taxonomy":"submarca","embeddable":true,"href":"https:\/\/www.friemo.pt\/fr\/wp-json\/wp\/v2\/submarca?post=8145"},{"taxonomy":"tipo","embeddable":true,"href":"https:\/\/www.friemo.pt\/fr\/wp-json\/wp\/v2\/tipo?post=8145"},{"taxonomy":"area","embeddable":true,"href":"https:\/\/www.friemo.pt\/fr\/wp-json\/wp\/v2\/area?post=8145"}],"curies":[{"name":"wp","href":"https:\/\/api.w.org\/{rel}","templated":true}]}}