{"id":8508,"date":"2022-06-23T16:57:48","date_gmt":"2022-06-23T16:57:48","guid":{"rendered":"https:\/\/www.friemo.pt\/2022\/produto\/nassau-vitrina-panaderia\/"},"modified":"2022-10-20T10:53:19","modified_gmt":"2022-10-20T10:53:19","slug":"nassau-vitrina-panaderia","status":"publish","type":"product","link":"https:\/\/www.friemo.pt\/es\/producto\/nassau-vitrina-panaderia\/","title":{"rendered":"Nassau \u2013 Vitrina Panader\u00eda"},"content":{"rendered":"","protected":false},"excerpt":{"rendered":"<ul>\n<li>Aislamiento t\u00e9rmico en PU inyectado sin CFC\u2019s con densidad de 40 Kg\/m3<\/li>\n<li>Exposici\u00f3n en melamina entablillado con tablero recoge migas<\/li>\n<li>Base inferior tubular lacada<\/li>\n<li>Cristales templados curvos elevables hidr\u00e1ulicos<\/li>\n<li>Montantes posteriores de aluminio anodizado<\/li>\n<li>Estantes de cristal a temperatura ambiente<\/li>\n<li>Iluminaci\u00f3n<\/li>\n<li>Panel decorativo m\u00f3vil personalizable<\/li>\n<li>Laterales personalizables Rodapi\u00e9 personalizable<\/li>\n<li>Encimera de servicio con 200 mm personalizable<\/li>\n<li>Permite la instalaci\u00f3n aislada o en l\u00ednea<\/li>\n<li>Modulaci\u00f3n: 1000, 1500 mm<\/li>\n<li>F\u00e1cil limpieza<\/li>\n<\/ul>\n","protected":false},"featured_media":2640,"comment_status":"open","ping_status":"closed","template":"","meta":{"_acf_changed":false},"product_cat":[482,479,494,462,446,302,451,255,301],"product_tag":[],"submarca":[202],"tipo":[],"area":[],"class_list":{"0":"post-8508","1":"product","2":"type-product","3":"status-publish","4":"has-post-thumbnail","6":"product_cat-area-es","7":"product_cat-cafeterias-pastelerias","8":"product_cat-gasolineiras-es","9":"product_cat-mini-y-supermercados","10":"product_cat-nassau-es","11":"product_cat-pasteleria-panaderia-y-cafeteria","12":"product_cat-take-away-es","13":"product_cat-tipo-es","14":"product_cat-vitrinas-expositoras-y-barras","15":"submarca-nassau","17":"first","18":"instock","19":"shipping-taxable","20":"product-type-simple"},"acf":[],"yoast_head":"<!-- This site is optimized with the Yoast SEO plugin v25.0 - https:\/\/yoast.com\/wordpress\/plugins\/seo\/ -->\n<title>Nassau \u2013 Vitrina Panader\u00eda - Friemo<\/title>\n<meta name=\"robots\" content=\"index, follow, max-snippet:-1, max-image-preview:large, max-video-preview:-1\" \/>\n<link rel=\"canonical\" href=\"https:\/\/www.friemo.pt\/es\/producto\/nassau-vitrina-panaderia\/\" \/>\n<meta property=\"og:locale\" content=\"es_ES\" \/>\n<meta property=\"og:type\" content=\"article\" \/>\n<meta property=\"og:title\" content=\"Nassau \u2013 Vitrina Panader\u00eda - Friemo\" \/>\n<meta property=\"og:description\" content=\"Aislamiento t\u00e9rmico en PU inyectado sin CFC\u2019s con densidad de 40 Kg\/m3  Exposici\u00f3n en melamina entablillado con tablero recoge migas  Base inferior tubular lacada  Cristales templados curvos elevables hidr\u00e1ulicos  Montantes posteriores de aluminio anodizado  Estantes de cristal a temperatura ambiente  Iluminaci\u00f3n  Panel decorativo m\u00f3vil personalizable  Laterales personalizables Rodapi\u00e9 personalizable  Encimera de servicio con 200 mm personalizable  Permite la instalaci\u00f3n aislada o en l\u00ednea  Modulaci\u00f3n: 1000, 1500 mm  F\u00e1cil limpieza\" \/>\n<meta property=\"og:url\" content=\"https:\/\/www.friemo.pt\/es\/producto\/nassau-vitrina-panaderia\/\" \/>\n<meta property=\"og:site_name\" content=\"Friemo\" \/>\n<meta property=\"article:publisher\" content=\"https:\/\/www.facebook.com\/friemo.purever\" \/>\n<meta property=\"article:modified_time\" content=\"2022-10-20T10:53:19+00:00\" \/>\n<meta property=\"og:image\" content=\"https:\/\/www.friemo.pt\/wp-content\/uploads\/2022\/06\/Nassau-Padaria-C062.jpg\" \/>\n\t<meta property=\"og:image:width\" content=\"1050\" \/>\n\t<meta property=\"og:image:height\" content=\"1050\" \/>\n\t<meta property=\"og:image:type\" content=\"image\/jpeg\" \/>\n<meta name=\"twitter:card\" content=\"summary_large_image\" \/>\n<script type=\"application\/ld+json\" class=\"yoast-schema-graph\">{\"@context\":\"https:\/\/schema.org\",\"@graph\":[{\"@type\":\"WebPage\",\"@id\":\"https:\/\/www.friemo.pt\/es\/producto\/nassau-vitrina-panaderia\/\",\"url\":\"https:\/\/www.friemo.pt\/es\/producto\/nassau-vitrina-panaderia\/\",\"name\":\"Nassau \u2013 Vitrina Panader\u00eda - Friemo\",\"isPartOf\":{\"@id\":\"https:\/\/www.friemo.pt\/en\/#website\"},\"primaryImageOfPage\":{\"@id\":\"https:\/\/www.friemo.pt\/es\/producto\/nassau-vitrina-panaderia\/#primaryimage\"},\"image\":{\"@id\":\"https:\/\/www.friemo.pt\/es\/producto\/nassau-vitrina-panaderia\/#primaryimage\"},\"thumbnailUrl\":\"https:\/\/www.friemo.pt\/wp-content\/uploads\/2022\/06\/Nassau-Padaria-C062.jpg\",\"datePublished\":\"2022-06-23T16:57:48+00:00\",\"dateModified\":\"2022-10-20T10:53:19+00:00\",\"breadcrumb\":{\"@id\":\"https:\/\/www.friemo.pt\/es\/producto\/nassau-vitrina-panaderia\/#breadcrumb\"},\"inLanguage\":\"es\",\"potentialAction\":[{\"@type\":\"ReadAction\",\"target\":[\"https:\/\/www.friemo.pt\/es\/producto\/nassau-vitrina-panaderia\/\"]}]},{\"@type\":\"ImageObject\",\"inLanguage\":\"es\",\"@id\":\"https:\/\/www.friemo.pt\/es\/producto\/nassau-vitrina-panaderia\/#primaryimage\",\"url\":\"https:\/\/www.friemo.pt\/wp-content\/uploads\/2022\/06\/Nassau-Padaria-C062.jpg\",\"contentUrl\":\"https:\/\/www.friemo.pt\/wp-content\/uploads\/2022\/06\/Nassau-Padaria-C062.jpg\",\"width\":1050,\"height\":1050},{\"@type\":\"BreadcrumbList\",\"@id\":\"https:\/\/www.friemo.pt\/es\/producto\/nassau-vitrina-panaderia\/#breadcrumb\",\"itemListElement\":[{\"@type\":\"ListItem\",\"position\":1,\"name\":\"In\u00edcio\",\"item\":\"https:\/\/www.friemo.pt\/\"},{\"@type\":\"ListItem\",\"position\":2,\"name\":\"Products\",\"item\":\"https:\/\/www.friemo.pt\/en\/shop\/\"},{\"@type\":\"ListItem\",\"position\":3,\"name\":\"Nassau \u2013 Vitrina Panader\u00eda\"}]},{\"@type\":\"WebSite\",\"@id\":\"https:\/\/www.friemo.pt\/en\/#website\",\"url\":\"https:\/\/www.friemo.pt\/en\/\",\"name\":\"Friemo\",\"description\":\"Caring for what you care for\",\"publisher\":{\"@id\":\"https:\/\/www.friemo.pt\/en\/#organization\"},\"potentialAction\":[{\"@type\":\"SearchAction\",\"target\":{\"@type\":\"EntryPoint\",\"urlTemplate\":\"https:\/\/www.friemo.pt\/en\/?s={search_term_string}\"},\"query-input\":{\"@type\":\"PropertyValueSpecification\",\"valueRequired\":true,\"valueName\":\"search_term_string\"}}],\"inLanguage\":\"es\"},{\"@type\":\"Organization\",\"@id\":\"https:\/\/www.friemo.pt\/en\/#organization\",\"name\":\"Friemo\",\"url\":\"https:\/\/www.friemo.pt\/en\/\",\"logo\":{\"@type\":\"ImageObject\",\"inLanguage\":\"es\",\"@id\":\"https:\/\/www.friemo.pt\/en\/#\/schema\/logo\/image\/\",\"url\":\"https:\/\/www.friemo.pt\/wp-content\/uploads\/2022\/02\/Friemo_logo.png\",\"contentUrl\":\"https:\/\/www.friemo.pt\/wp-content\/uploads\/2022\/02\/Friemo_logo.png\",\"width\":1417,\"height\":271,\"caption\":\"Friemo\"},\"image\":{\"@id\":\"https:\/\/www.friemo.pt\/en\/#\/schema\/logo\/image\/\"},\"sameAs\":[\"https:\/\/www.facebook.com\/friemo.purever\",\"https:\/\/www.instagram.com\/friemo.purever\/\"]}]}<\/script>\n<!-- \/ Yoast SEO plugin. -->","yoast_head_json":{"title":"Nassau \u2013 Vitrina Panader\u00eda - Friemo","robots":{"index":"index","follow":"follow","max-snippet":"max-snippet:-1","max-image-preview":"max-image-preview:large","max-video-preview":"max-video-preview:-1"},"canonical":"https:\/\/www.friemo.pt\/es\/producto\/nassau-vitrina-panaderia\/","og_locale":"es_ES","og_type":"article","og_title":"Nassau \u2013 Vitrina Panader\u00eda - Friemo","og_description":"Aislamiento t\u00e9rmico en PU inyectado sin CFC\u2019s con densidad de 40 Kg\/m3  Exposici\u00f3n en melamina entablillado con tablero recoge migas  Base inferior tubular lacada  Cristales templados curvos elevables hidr\u00e1ulicos  Montantes posteriores de aluminio anodizado  Estantes de cristal a temperatura ambiente  Iluminaci\u00f3n  Panel decorativo m\u00f3vil personalizable  Laterales personalizables Rodapi\u00e9 personalizable  Encimera de servicio con 200 mm personalizable  Permite la instalaci\u00f3n aislada o en l\u00ednea  Modulaci\u00f3n: 1000, 1500 mm  F\u00e1cil limpieza","og_url":"https:\/\/www.friemo.pt\/es\/producto\/nassau-vitrina-panaderia\/","og_site_name":"Friemo","article_publisher":"https:\/\/www.facebook.com\/friemo.purever","article_modified_time":"2022-10-20T10:53:19+00:00","og_image":[{"width":1050,"height":1050,"url":"https:\/\/www.friemo.pt\/wp-content\/uploads\/2022\/06\/Nassau-Padaria-C062.jpg","type":"image\/jpeg"}],"twitter_card":"summary_large_image","schema":{"@context":"https:\/\/schema.org","@graph":[{"@type":"WebPage","@id":"https:\/\/www.friemo.pt\/es\/producto\/nassau-vitrina-panaderia\/","url":"https:\/\/www.friemo.pt\/es\/producto\/nassau-vitrina-panaderia\/","name":"Nassau \u2013 Vitrina Panader\u00eda - Friemo","isPartOf":{"@id":"https:\/\/www.friemo.pt\/en\/#website"},"primaryImageOfPage":{"@id":"https:\/\/www.friemo.pt\/es\/producto\/nassau-vitrina-panaderia\/#primaryimage"},"image":{"@id":"https:\/\/www.friemo.pt\/es\/producto\/nassau-vitrina-panaderia\/#primaryimage"},"thumbnailUrl":"https:\/\/www.friemo.pt\/wp-content\/uploads\/2022\/06\/Nassau-Padaria-C062.jpg","datePublished":"2022-06-23T16:57:48+00:00","dateModified":"2022-10-20T10:53:19+00:00","breadcrumb":{"@id":"https:\/\/www.friemo.pt\/es\/producto\/nassau-vitrina-panaderia\/#breadcrumb"},"inLanguage":"es","potentialAction":[{"@type":"ReadAction","target":["https:\/\/www.friemo.pt\/es\/producto\/nassau-vitrina-panaderia\/"]}]},{"@type":"ImageObject","inLanguage":"es","@id":"https:\/\/www.friemo.pt\/es\/producto\/nassau-vitrina-panaderia\/#primaryimage","url":"https:\/\/www.friemo.pt\/wp-content\/uploads\/2022\/06\/Nassau-Padaria-C062.jpg","contentUrl":"https:\/\/www.friemo.pt\/wp-content\/uploads\/2022\/06\/Nassau-Padaria-C062.jpg","width":1050,"height":1050},{"@type":"BreadcrumbList","@id":"https:\/\/www.friemo.pt\/es\/producto\/nassau-vitrina-panaderia\/#breadcrumb","itemListElement":[{"@type":"ListItem","position":1,"name":"In\u00edcio","item":"https:\/\/www.friemo.pt\/"},{"@type":"ListItem","position":2,"name":"Products","item":"https:\/\/www.friemo.pt\/en\/shop\/"},{"@type":"ListItem","position":3,"name":"Nassau \u2013 Vitrina Panader\u00eda"}]},{"@type":"WebSite","@id":"https:\/\/www.friemo.pt\/en\/#website","url":"https:\/\/www.friemo.pt\/en\/","name":"Friemo","description":"Caring for what you care for","publisher":{"@id":"https:\/\/www.friemo.pt\/en\/#organization"},"potentialAction":[{"@type":"SearchAction","target":{"@type":"EntryPoint","urlTemplate":"https:\/\/www.friemo.pt\/en\/?s={search_term_string}"},"query-input":{"@type":"PropertyValueSpecification","valueRequired":true,"valueName":"search_term_string"}}],"inLanguage":"es"},{"@type":"Organization","@id":"https:\/\/www.friemo.pt\/en\/#organization","name":"Friemo","url":"https:\/\/www.friemo.pt\/en\/","logo":{"@type":"ImageObject","inLanguage":"es","@id":"https:\/\/www.friemo.pt\/en\/#\/schema\/logo\/image\/","url":"https:\/\/www.friemo.pt\/wp-content\/uploads\/2022\/02\/Friemo_logo.png","contentUrl":"https:\/\/www.friemo.pt\/wp-content\/uploads\/2022\/02\/Friemo_logo.png","width":1417,"height":271,"caption":"Friemo"},"image":{"@id":"https:\/\/www.friemo.pt\/en\/#\/schema\/logo\/image\/"},"sameAs":["https:\/\/www.facebook.com\/friemo.purever","https:\/\/www.instagram.com\/friemo.purever\/"]}]}},"_links":{"self":[{"href":"https:\/\/www.friemo.pt\/es\/wp-json\/wp\/v2\/product\/8508"}],"collection":[{"href":"https:\/\/www.friemo.pt\/es\/wp-json\/wp\/v2\/product"}],"about":[{"href":"https:\/\/www.friemo.pt\/es\/wp-json\/wp\/v2\/types\/product"}],"replies":[{"embeddable":true,"href":"https:\/\/www.friemo.pt\/es\/wp-json\/wp\/v2\/comments?post=8508"}],"wp:featuredmedia":[{"embeddable":true,"href":"https:\/\/www.friemo.pt\/es\/wp-json\/wp\/v2\/media\/2640"}],"wp:attachment":[{"href":"https:\/\/www.friemo.pt\/es\/wp-json\/wp\/v2\/media?parent=8508"}],"wp:term":[{"taxonomy":"product_cat","embeddable":true,"href":"https:\/\/www.friemo.pt\/es\/wp-json\/wp\/v2\/product_cat?post=8508"},{"taxonomy":"product_tag","embeddable":true,"href":"https:\/\/www.friemo.pt\/es\/wp-json\/wp\/v2\/product_tag?post=8508"},{"taxonomy":"submarca","embeddable":true,"href":"https:\/\/www.friemo.pt\/es\/wp-json\/wp\/v2\/submarca?post=8508"},{"taxonomy":"tipo","embeddable":true,"href":"https:\/\/www.friemo.pt\/es\/wp-json\/wp\/v2\/tipo?post=8508"},{"taxonomy":"area","embeddable":true,"href":"https:\/\/www.friemo.pt\/es\/wp-json\/wp\/v2\/area?post=8508"}],"curies":[{"name":"wp","href":"https:\/\/api.w.org\/{rel}","templated":true}]}}