{"id":8427,"date":"2022-06-23T16:53:40","date_gmt":"2022-06-23T16:53:40","guid":{"rendered":"https:\/\/www.friemo.pt\/2022\/produto\/dubhe-armarios-frigorificos-gn-2-1-con-puertas-de-cristal\/"},"modified":"2022-10-20T11:00:41","modified_gmt":"2022-10-20T11:00:41","slug":"dubhe-armarios-frigorificos-gn-2-1-con-puertas-de-cristal","status":"publish","type":"product","link":"https:\/\/www.friemo.pt\/es\/producto\/dubhe-armarios-frigorificos-gn-2-1-con-puertas-de-cristal\/","title":{"rendered":"Dubhe \u2013 Armarios frigor\u00edficos GN 2\/1 con puertas de cristal"},"content":{"rendered":"","protected":false},"excerpt":{"rendered":"<ul>\n<li>Interiores y exteriores en acero inoxidable<\/li>\n<li>Panel trasero en acero galvanizado<\/li>\n<li>Esquinas internas higi\u00e9nicas, las gu\u00edas se pueden extraer f\u00e1cilmente y las rejillas permiten facilitar la limpieza y la higiene<\/li>\n<li>Puertas de cristal con bisagra pivotante y bloqueo de apertura<\/li>\n<li>Controlador digital con descongelaci\u00f3n autom\u00e1tica<\/li>\n<li>Puertas con cierre magn\u00e9tico y junta de f\u00e1cil sustituci\u00f3n<\/li>\n<li>3 estantes GN 2\/1 por puerta<\/li>\n<li>Separaci\u00f3n m\u00ednima entre niveles 50 mm<\/li>\n<li>Iluminaci\u00f3n LED interior<\/li>\n<li>Gas refrigerante usado de acuerdo con la normativa vigente<\/li>\n<li>Refrigeraci\u00f3n por fr\u00edo ventilado<\/li>\n<li>Aislamiento de poliuretano inyectado sin clorofluorocarbonos (CFC) con una densidad de 40 kg\/m\u00b3<\/li>\n<li>Para los modelos de temperatura negativa moldura de las puertas con resistencia de calentamiento<\/li>\n<li>Patas en acero inoxidable regulables<\/li>\n<li>Cubeta para la recogida de condensados inferior<\/li>\n<\/ul>\n","protected":false},"featured_media":2149,"comment_status":"open","ping_status":"closed","template":"","meta":{"_acf_changed":false},"product_cat":[482,366,476,479,483,488,473,371,365,494,458,455,461,451,255],"product_tag":[],"submarca":[207],"tipo":[544,534],"area":[],"class_list":{"0":"post-8427","1":"product","2":"type-product","3":"status-publish","4":"has-post-thumbnail","6":"product_cat-area-es","7":"product_cat-armarios-frigorificos-es","8":"product_cat-bar-es","9":"product_cat-cafeterias-pastelerias","10":"product_cat-cantinas-e-instituicoes-es","11":"product_cat-charcutarias-es","12":"product_cat-cocinas-profesionales","13":"product_cat-dubhe-es","14":"product_cat-equipamiento-refrigerado","15":"product_cat-gasolineiras-es","16":"product_cat-hoteles","17":"product_cat-plug-in-es","18":"product_cat-restauracion","19":"product_cat-take-away-es","20":"product_cat-tipo-es","21":"submarca-dubhe","22":"tipo-armarios-frigorificos-es","23":"tipo-equipamiento-refrigerado","25":"first","26":"instock","27":"shipping-taxable","28":"product-type-simple"},"acf":[],"yoast_head":"<!-- This site is optimized with the Yoast SEO plugin v25.0 - https:\/\/yoast.com\/wordpress\/plugins\/seo\/ -->\n<title>Dubhe \u2013 Armarios frigor\u00edficos GN 2\/1 con puertas de cristal - Friemo<\/title>\n<meta name=\"robots\" content=\"index, follow, max-snippet:-1, max-image-preview:large, max-video-preview:-1\" \/>\n<link rel=\"canonical\" href=\"https:\/\/www.friemo.pt\/es\/producto\/dubhe-armarios-frigorificos-gn-2-1-con-puertas-de-cristal\/\" \/>\n<meta property=\"og:locale\" content=\"es_ES\" \/>\n<meta property=\"og:type\" content=\"article\" \/>\n<meta property=\"og:title\" content=\"Dubhe \u2013 Armarios frigor\u00edficos GN 2\/1 con puertas de cristal - Friemo\" \/>\n<meta property=\"og:description\" content=\"Interiores y exteriores en acero inoxidable Panel trasero en acero galvanizado Esquinas internas higi\u00e9nicas, las gu\u00edas se pueden extraer f\u00e1cilmente y las rejillas permiten facilitar la limpieza y la higiene Puertas de cristal con bisagra pivotante y bloqueo de apertura Controlador digital con descongelaci\u00f3n autom\u00e1tica Puertas con cierre magn\u00e9tico y junta de f\u00e1cil sustituci\u00f3n 3 estantes GN 2\/1 por puerta Separaci\u00f3n m\u00ednima entre niveles 50 mm Iluminaci\u00f3n LED interior Gas refrigerante usado de acuerdo con la normativa vigente Refrigeraci\u00f3n por fr\u00edo ventilado Aislamiento de poliuretano inyectado sin clorofluorocarbonos (CFC) con una densidad de 40 kg\/m\u00b3 Para los modelos de temperatura negativa moldura de las puertas con resistencia de calentamiento Patas en acero inoxidable regulables Cubeta para la recogida de condensados inferior\" \/>\n<meta property=\"og:url\" content=\"https:\/\/www.friemo.pt\/es\/producto\/dubhe-armarios-frigorificos-gn-2-1-con-puertas-de-cristal\/\" \/>\n<meta property=\"og:site_name\" content=\"Friemo\" \/>\n<meta property=\"article:publisher\" content=\"https:\/\/www.facebook.com\/friemo.purever\" \/>\n<meta property=\"article:modified_time\" content=\"2022-10-20T11:00:41+00:00\" \/>\n<meta property=\"og:image\" content=\"https:\/\/www.friemo.pt\/wp-content\/uploads\/2022\/06\/Dubhe-armarios-frigorificos-conjunto-portas-vidro-3-1.jpg\" \/>\n\t<meta property=\"og:image:width\" content=\"1050\" \/>\n\t<meta property=\"og:image:height\" content=\"1050\" \/>\n\t<meta property=\"og:image:type\" content=\"image\/jpeg\" \/>\n<meta name=\"twitter:card\" content=\"summary_large_image\" \/>\n<script type=\"application\/ld+json\" class=\"yoast-schema-graph\">{\"@context\":\"https:\/\/schema.org\",\"@graph\":[{\"@type\":\"WebPage\",\"@id\":\"https:\/\/www.friemo.pt\/es\/producto\/dubhe-armarios-frigorificos-gn-2-1-con-puertas-de-cristal\/\",\"url\":\"https:\/\/www.friemo.pt\/es\/producto\/dubhe-armarios-frigorificos-gn-2-1-con-puertas-de-cristal\/\",\"name\":\"Dubhe \u2013 Armarios frigor\u00edficos GN 2\/1 con puertas de cristal - Friemo\",\"isPartOf\":{\"@id\":\"https:\/\/www.friemo.pt\/en\/#website\"},\"primaryImageOfPage\":{\"@id\":\"https:\/\/www.friemo.pt\/es\/producto\/dubhe-armarios-frigorificos-gn-2-1-con-puertas-de-cristal\/#primaryimage\"},\"image\":{\"@id\":\"https:\/\/www.friemo.pt\/es\/producto\/dubhe-armarios-frigorificos-gn-2-1-con-puertas-de-cristal\/#primaryimage\"},\"thumbnailUrl\":\"https:\/\/www.friemo.pt\/wp-content\/uploads\/2022\/06\/Dubhe-armarios-frigorificos-conjunto-portas-vidro-3-1.jpg\",\"datePublished\":\"2022-06-23T16:53:40+00:00\",\"dateModified\":\"2022-10-20T11:00:41+00:00\",\"breadcrumb\":{\"@id\":\"https:\/\/www.friemo.pt\/es\/producto\/dubhe-armarios-frigorificos-gn-2-1-con-puertas-de-cristal\/#breadcrumb\"},\"inLanguage\":\"es\",\"potentialAction\":[{\"@type\":\"ReadAction\",\"target\":[\"https:\/\/www.friemo.pt\/es\/producto\/dubhe-armarios-frigorificos-gn-2-1-con-puertas-de-cristal\/\"]}]},{\"@type\":\"ImageObject\",\"inLanguage\":\"es\",\"@id\":\"https:\/\/www.friemo.pt\/es\/producto\/dubhe-armarios-frigorificos-gn-2-1-con-puertas-de-cristal\/#primaryimage\",\"url\":\"https:\/\/www.friemo.pt\/wp-content\/uploads\/2022\/06\/Dubhe-armarios-frigorificos-conjunto-portas-vidro-3-1.jpg\",\"contentUrl\":\"https:\/\/www.friemo.pt\/wp-content\/uploads\/2022\/06\/Dubhe-armarios-frigorificos-conjunto-portas-vidro-3-1.jpg\",\"width\":1050,\"height\":1050},{\"@type\":\"BreadcrumbList\",\"@id\":\"https:\/\/www.friemo.pt\/es\/producto\/dubhe-armarios-frigorificos-gn-2-1-con-puertas-de-cristal\/#breadcrumb\",\"itemListElement\":[{\"@type\":\"ListItem\",\"position\":1,\"name\":\"In\u00edcio\",\"item\":\"https:\/\/www.friemo.pt\/\"},{\"@type\":\"ListItem\",\"position\":2,\"name\":\"Products\",\"item\":\"https:\/\/www.friemo.pt\/en\/shop\/\"},{\"@type\":\"ListItem\",\"position\":3,\"name\":\"Dubhe \u2013 Armarios frigor\u00edficos GN 2\/1 con puertas de cristal\"}]},{\"@type\":\"WebSite\",\"@id\":\"https:\/\/www.friemo.pt\/en\/#website\",\"url\":\"https:\/\/www.friemo.pt\/en\/\",\"name\":\"Friemo\",\"description\":\"Caring for what you care for\",\"publisher\":{\"@id\":\"https:\/\/www.friemo.pt\/en\/#organization\"},\"potentialAction\":[{\"@type\":\"SearchAction\",\"target\":{\"@type\":\"EntryPoint\",\"urlTemplate\":\"https:\/\/www.friemo.pt\/en\/?s={search_term_string}\"},\"query-input\":{\"@type\":\"PropertyValueSpecification\",\"valueRequired\":true,\"valueName\":\"search_term_string\"}}],\"inLanguage\":\"es\"},{\"@type\":\"Organization\",\"@id\":\"https:\/\/www.friemo.pt\/en\/#organization\",\"name\":\"Friemo\",\"url\":\"https:\/\/www.friemo.pt\/en\/\",\"logo\":{\"@type\":\"ImageObject\",\"inLanguage\":\"es\",\"@id\":\"https:\/\/www.friemo.pt\/en\/#\/schema\/logo\/image\/\",\"url\":\"https:\/\/www.friemo.pt\/wp-content\/uploads\/2022\/02\/Friemo_logo.png\",\"contentUrl\":\"https:\/\/www.friemo.pt\/wp-content\/uploads\/2022\/02\/Friemo_logo.png\",\"width\":1417,\"height\":271,\"caption\":\"Friemo\"},\"image\":{\"@id\":\"https:\/\/www.friemo.pt\/en\/#\/schema\/logo\/image\/\"},\"sameAs\":[\"https:\/\/www.facebook.com\/friemo.purever\",\"https:\/\/www.instagram.com\/friemo.purever\/\"]}]}<\/script>\n<!-- \/ Yoast SEO plugin. -->","yoast_head_json":{"title":"Dubhe \u2013 Armarios frigor\u00edficos GN 2\/1 con puertas de cristal - Friemo","robots":{"index":"index","follow":"follow","max-snippet":"max-snippet:-1","max-image-preview":"max-image-preview:large","max-video-preview":"max-video-preview:-1"},"canonical":"https:\/\/www.friemo.pt\/es\/producto\/dubhe-armarios-frigorificos-gn-2-1-con-puertas-de-cristal\/","og_locale":"es_ES","og_type":"article","og_title":"Dubhe \u2013 Armarios frigor\u00edficos GN 2\/1 con puertas de cristal - Friemo","og_description":"Interiores y exteriores en acero inoxidable Panel trasero en acero galvanizado Esquinas internas higi\u00e9nicas, las gu\u00edas se pueden extraer f\u00e1cilmente y las rejillas permiten facilitar la limpieza y la higiene Puertas de cristal con bisagra pivotante y bloqueo de apertura Controlador digital con descongelaci\u00f3n autom\u00e1tica Puertas con cierre magn\u00e9tico y junta de f\u00e1cil sustituci\u00f3n 3 estantes GN 2\/1 por puerta Separaci\u00f3n m\u00ednima entre niveles 50 mm Iluminaci\u00f3n LED interior Gas refrigerante usado de acuerdo con la normativa vigente Refrigeraci\u00f3n por fr\u00edo ventilado Aislamiento de poliuretano inyectado sin clorofluorocarbonos (CFC) con una densidad de 40 kg\/m\u00b3 Para los modelos de temperatura negativa moldura de las puertas con resistencia de calentamiento Patas en acero inoxidable regulables Cubeta para la recogida de condensados inferior","og_url":"https:\/\/www.friemo.pt\/es\/producto\/dubhe-armarios-frigorificos-gn-2-1-con-puertas-de-cristal\/","og_site_name":"Friemo","article_publisher":"https:\/\/www.facebook.com\/friemo.purever","article_modified_time":"2022-10-20T11:00:41+00:00","og_image":[{"width":1050,"height":1050,"url":"https:\/\/www.friemo.pt\/wp-content\/uploads\/2022\/06\/Dubhe-armarios-frigorificos-conjunto-portas-vidro-3-1.jpg","type":"image\/jpeg"}],"twitter_card":"summary_large_image","schema":{"@context":"https:\/\/schema.org","@graph":[{"@type":"WebPage","@id":"https:\/\/www.friemo.pt\/es\/producto\/dubhe-armarios-frigorificos-gn-2-1-con-puertas-de-cristal\/","url":"https:\/\/www.friemo.pt\/es\/producto\/dubhe-armarios-frigorificos-gn-2-1-con-puertas-de-cristal\/","name":"Dubhe \u2013 Armarios frigor\u00edficos GN 2\/1 con puertas de cristal - Friemo","isPartOf":{"@id":"https:\/\/www.friemo.pt\/en\/#website"},"primaryImageOfPage":{"@id":"https:\/\/www.friemo.pt\/es\/producto\/dubhe-armarios-frigorificos-gn-2-1-con-puertas-de-cristal\/#primaryimage"},"image":{"@id":"https:\/\/www.friemo.pt\/es\/producto\/dubhe-armarios-frigorificos-gn-2-1-con-puertas-de-cristal\/#primaryimage"},"thumbnailUrl":"https:\/\/www.friemo.pt\/wp-content\/uploads\/2022\/06\/Dubhe-armarios-frigorificos-conjunto-portas-vidro-3-1.jpg","datePublished":"2022-06-23T16:53:40+00:00","dateModified":"2022-10-20T11:00:41+00:00","breadcrumb":{"@id":"https:\/\/www.friemo.pt\/es\/producto\/dubhe-armarios-frigorificos-gn-2-1-con-puertas-de-cristal\/#breadcrumb"},"inLanguage":"es","potentialAction":[{"@type":"ReadAction","target":["https:\/\/www.friemo.pt\/es\/producto\/dubhe-armarios-frigorificos-gn-2-1-con-puertas-de-cristal\/"]}]},{"@type":"ImageObject","inLanguage":"es","@id":"https:\/\/www.friemo.pt\/es\/producto\/dubhe-armarios-frigorificos-gn-2-1-con-puertas-de-cristal\/#primaryimage","url":"https:\/\/www.friemo.pt\/wp-content\/uploads\/2022\/06\/Dubhe-armarios-frigorificos-conjunto-portas-vidro-3-1.jpg","contentUrl":"https:\/\/www.friemo.pt\/wp-content\/uploads\/2022\/06\/Dubhe-armarios-frigorificos-conjunto-portas-vidro-3-1.jpg","width":1050,"height":1050},{"@type":"BreadcrumbList","@id":"https:\/\/www.friemo.pt\/es\/producto\/dubhe-armarios-frigorificos-gn-2-1-con-puertas-de-cristal\/#breadcrumb","itemListElement":[{"@type":"ListItem","position":1,"name":"In\u00edcio","item":"https:\/\/www.friemo.pt\/"},{"@type":"ListItem","position":2,"name":"Products","item":"https:\/\/www.friemo.pt\/en\/shop\/"},{"@type":"ListItem","position":3,"name":"Dubhe \u2013 Armarios frigor\u00edficos GN 2\/1 con puertas de cristal"}]},{"@type":"WebSite","@id":"https:\/\/www.friemo.pt\/en\/#website","url":"https:\/\/www.friemo.pt\/en\/","name":"Friemo","description":"Caring for what you care for","publisher":{"@id":"https:\/\/www.friemo.pt\/en\/#organization"},"potentialAction":[{"@type":"SearchAction","target":{"@type":"EntryPoint","urlTemplate":"https:\/\/www.friemo.pt\/en\/?s={search_term_string}"},"query-input":{"@type":"PropertyValueSpecification","valueRequired":true,"valueName":"search_term_string"}}],"inLanguage":"es"},{"@type":"Organization","@id":"https:\/\/www.friemo.pt\/en\/#organization","name":"Friemo","url":"https:\/\/www.friemo.pt\/en\/","logo":{"@type":"ImageObject","inLanguage":"es","@id":"https:\/\/www.friemo.pt\/en\/#\/schema\/logo\/image\/","url":"https:\/\/www.friemo.pt\/wp-content\/uploads\/2022\/02\/Friemo_logo.png","contentUrl":"https:\/\/www.friemo.pt\/wp-content\/uploads\/2022\/02\/Friemo_logo.png","width":1417,"height":271,"caption":"Friemo"},"image":{"@id":"https:\/\/www.friemo.pt\/en\/#\/schema\/logo\/image\/"},"sameAs":["https:\/\/www.facebook.com\/friemo.purever","https:\/\/www.instagram.com\/friemo.purever\/"]}]}},"_links":{"self":[{"href":"https:\/\/www.friemo.pt\/es\/wp-json\/wp\/v2\/product\/8427"}],"collection":[{"href":"https:\/\/www.friemo.pt\/es\/wp-json\/wp\/v2\/product"}],"about":[{"href":"https:\/\/www.friemo.pt\/es\/wp-json\/wp\/v2\/types\/product"}],"replies":[{"embeddable":true,"href":"https:\/\/www.friemo.pt\/es\/wp-json\/wp\/v2\/comments?post=8427"}],"wp:featuredmedia":[{"embeddable":true,"href":"https:\/\/www.friemo.pt\/es\/wp-json\/wp\/v2\/media\/2149"}],"wp:attachment":[{"href":"https:\/\/www.friemo.pt\/es\/wp-json\/wp\/v2\/media?parent=8427"}],"wp:term":[{"taxonomy":"product_cat","embeddable":true,"href":"https:\/\/www.friemo.pt\/es\/wp-json\/wp\/v2\/product_cat?post=8427"},{"taxonomy":"product_tag","embeddable":true,"href":"https:\/\/www.friemo.pt\/es\/wp-json\/wp\/v2\/product_tag?post=8427"},{"taxonomy":"submarca","embeddable":true,"href":"https:\/\/www.friemo.pt\/es\/wp-json\/wp\/v2\/submarca?post=8427"},{"taxonomy":"tipo","embeddable":true,"href":"https:\/\/www.friemo.pt\/es\/wp-json\/wp\/v2\/tipo?post=8427"},{"taxonomy":"area","embeddable":true,"href":"https:\/\/www.friemo.pt\/es\/wp-json\/wp\/v2\/area?post=8427"}],"curies":[{"name":"wp","href":"https:\/\/api.w.org\/{rel}","templated":true}]}}