{"id":8411,"date":"2022-06-23T16:52:17","date_gmt":"2022-06-23T16:52:17","guid":{"rendered":"https:\/\/www.friemo.pt\/2022\/produto\/florida-vitrina-chocolate-2\/"},"modified":"2022-10-20T14:13:28","modified_gmt":"2022-10-20T14:13:28","slug":"calabria-vitrina-chocolate","status":"publish","type":"product","link":"https:\/\/www.friemo.pt\/es\/producto\/calabria-vitrina-chocolate\/","title":{"rendered":"Calabria \u2013 Vitrina Chocolate"},"content":{"rendered":"","protected":false},"excerpt":{"rendered":"<ul>\n<li>Todos los cristales exteriores en doble cristal<\/li>\n<li>Puertas traseras correderas en doble cristal<\/li>\n<li>Cuatro niveles de exposici\u00f3n refrigerada<\/li>\n<li>Resistencia anti-condensaci\u00f3n frontal<\/li>\n<li>Iluminaci\u00f3n LED en todos los niveles de exposici\u00f3n<\/li>\n<li>Controlador digital<\/li>\n<li>Controlador de humedad<\/li>\n<li>Term\u00f3metro en la exposici\u00f3n<\/li>\n<li>Sistema de refrigeraci\u00f3n por fr\u00edo ventilado<\/li>\n<li>Kit de evaporaci\u00f3n incluido<\/li>\n<li>Patas regulables<\/li>\n<li>Aislamiento en poliuretano inyectado a alta presi\u00f3n y libre de CFC\u2019s, con una densidad de 40 kg\/m\u00b3<\/li>\n<li>Gas refrigerante R404A usado de acuerdo con la normativa ambiental vigente<\/li>\n<\/ul>\n","protected":false},"featured_media":1695,"comment_status":"open","ping_status":"closed","template":"","meta":{"_acf_changed":false},"product_cat":[482,479,440,490,494,470,302,255,301],"product_tag":[],"submarca":[211],"tipo":[305,304],"area":[],"class_list":{"0":"post-8411","1":"product","2":"type-product","3":"status-publish","4":"has-post-thumbnail","6":"product_cat-area-es","7":"product_cat-cafeterias-pastelerias","8":"product_cat-calabria-es","9":"product_cat-chocolatarias-es","10":"product_cat-gasolineiras-es","11":"product_cat-grab-go-es","12":"product_cat-pasteleria-panaderia-y-cafeteria","13":"product_cat-tipo-es","14":"product_cat-vitrinas-expositoras-y-barras","15":"submarca-calabria","16":"tipo-pasteleria-panaderia-y-cafeteria","17":"tipo-vitrinas-expositoras-y-barras","19":"first","20":"instock","21":"shipping-taxable","22":"product-type-simple"},"acf":[],"yoast_head":"<!-- This site is optimized with the Yoast SEO plugin v25.0 - https:\/\/yoast.com\/wordpress\/plugins\/seo\/ -->\n<title>Calabria \u2013 Vitrina Chocolate - Friemo<\/title>\n<meta name=\"robots\" content=\"index, follow, max-snippet:-1, max-image-preview:large, max-video-preview:-1\" \/>\n<link rel=\"canonical\" href=\"https:\/\/www.friemo.pt\/es\/producto\/calabria-vitrina-chocolate\/\" \/>\n<meta property=\"og:locale\" content=\"es_ES\" \/>\n<meta property=\"og:type\" content=\"article\" \/>\n<meta property=\"og:title\" content=\"Calabria \u2013 Vitrina Chocolate - Friemo\" \/>\n<meta property=\"og:description\" content=\"Todos los cristales exteriores en doble cristal Puertas traseras correderas en doble cristal Cuatro niveles de exposici\u00f3n refrigerada Resistencia anti-condensaci\u00f3n frontal Iluminaci\u00f3n LED en todos los niveles de exposici\u00f3n Controlador digital Controlador de humedad Term\u00f3metro en la exposici\u00f3n Sistema de refrigeraci\u00f3n por fr\u00edo ventilado Kit de evaporaci\u00f3n incluido Patas regulables Aislamiento en poliuretano inyectado a alta presi\u00f3n y libre de CFC\u2019s, con una densidad de 40 kg\/m\u00b3 Gas refrigerante R404A usado de acuerdo con la normativa ambiental vigente\" \/>\n<meta property=\"og:url\" content=\"https:\/\/www.friemo.pt\/es\/producto\/calabria-vitrina-chocolate\/\" \/>\n<meta property=\"og:site_name\" content=\"Friemo\" \/>\n<meta property=\"article:publisher\" content=\"https:\/\/www.facebook.com\/friemo.purever\" \/>\n<meta property=\"article:modified_time\" content=\"2022-10-20T14:13:28+00:00\" \/>\n<meta property=\"og:image\" content=\"https:\/\/www.friemo.pt\/wp-content\/uploads\/2022\/06\/Calabria-lacado-1013-chocolate-1.jpg\" \/>\n\t<meta property=\"og:image:width\" content=\"1050\" \/>\n\t<meta property=\"og:image:height\" content=\"1165\" \/>\n\t<meta property=\"og:image:type\" content=\"image\/jpeg\" \/>\n<meta name=\"twitter:card\" content=\"summary_large_image\" \/>\n<script type=\"application\/ld+json\" class=\"yoast-schema-graph\">{\"@context\":\"https:\/\/schema.org\",\"@graph\":[{\"@type\":\"WebPage\",\"@id\":\"https:\/\/www.friemo.pt\/es\/producto\/calabria-vitrina-chocolate\/\",\"url\":\"https:\/\/www.friemo.pt\/es\/producto\/calabria-vitrina-chocolate\/\",\"name\":\"Calabria \u2013 Vitrina Chocolate - Friemo\",\"isPartOf\":{\"@id\":\"https:\/\/www.friemo.pt\/en\/#website\"},\"primaryImageOfPage\":{\"@id\":\"https:\/\/www.friemo.pt\/es\/producto\/calabria-vitrina-chocolate\/#primaryimage\"},\"image\":{\"@id\":\"https:\/\/www.friemo.pt\/es\/producto\/calabria-vitrina-chocolate\/#primaryimage\"},\"thumbnailUrl\":\"https:\/\/www.friemo.pt\/wp-content\/uploads\/2022\/06\/Calabria-lacado-1013-chocolate-1.jpg\",\"datePublished\":\"2022-06-23T16:52:17+00:00\",\"dateModified\":\"2022-10-20T14:13:28+00:00\",\"breadcrumb\":{\"@id\":\"https:\/\/www.friemo.pt\/es\/producto\/calabria-vitrina-chocolate\/#breadcrumb\"},\"inLanguage\":\"es\",\"potentialAction\":[{\"@type\":\"ReadAction\",\"target\":[\"https:\/\/www.friemo.pt\/es\/producto\/calabria-vitrina-chocolate\/\"]}]},{\"@type\":\"ImageObject\",\"inLanguage\":\"es\",\"@id\":\"https:\/\/www.friemo.pt\/es\/producto\/calabria-vitrina-chocolate\/#primaryimage\",\"url\":\"https:\/\/www.friemo.pt\/wp-content\/uploads\/2022\/06\/Calabria-lacado-1013-chocolate-1.jpg\",\"contentUrl\":\"https:\/\/www.friemo.pt\/wp-content\/uploads\/2022\/06\/Calabria-lacado-1013-chocolate-1.jpg\",\"width\":1050,\"height\":1165},{\"@type\":\"BreadcrumbList\",\"@id\":\"https:\/\/www.friemo.pt\/es\/producto\/calabria-vitrina-chocolate\/#breadcrumb\",\"itemListElement\":[{\"@type\":\"ListItem\",\"position\":1,\"name\":\"In\u00edcio\",\"item\":\"https:\/\/www.friemo.pt\/\"},{\"@type\":\"ListItem\",\"position\":2,\"name\":\"Products\",\"item\":\"https:\/\/www.friemo.pt\/en\/shop\/\"},{\"@type\":\"ListItem\",\"position\":3,\"name\":\"Calabria \u2013 Vitrina Chocolate\"}]},{\"@type\":\"WebSite\",\"@id\":\"https:\/\/www.friemo.pt\/en\/#website\",\"url\":\"https:\/\/www.friemo.pt\/en\/\",\"name\":\"Friemo\",\"description\":\"Caring for what you care for\",\"publisher\":{\"@id\":\"https:\/\/www.friemo.pt\/en\/#organization\"},\"potentialAction\":[{\"@type\":\"SearchAction\",\"target\":{\"@type\":\"EntryPoint\",\"urlTemplate\":\"https:\/\/www.friemo.pt\/en\/?s={search_term_string}\"},\"query-input\":{\"@type\":\"PropertyValueSpecification\",\"valueRequired\":true,\"valueName\":\"search_term_string\"}}],\"inLanguage\":\"es\"},{\"@type\":\"Organization\",\"@id\":\"https:\/\/www.friemo.pt\/en\/#organization\",\"name\":\"Friemo\",\"url\":\"https:\/\/www.friemo.pt\/en\/\",\"logo\":{\"@type\":\"ImageObject\",\"inLanguage\":\"es\",\"@id\":\"https:\/\/www.friemo.pt\/en\/#\/schema\/logo\/image\/\",\"url\":\"https:\/\/www.friemo.pt\/wp-content\/uploads\/2022\/02\/Friemo_logo.png\",\"contentUrl\":\"https:\/\/www.friemo.pt\/wp-content\/uploads\/2022\/02\/Friemo_logo.png\",\"width\":1417,\"height\":271,\"caption\":\"Friemo\"},\"image\":{\"@id\":\"https:\/\/www.friemo.pt\/en\/#\/schema\/logo\/image\/\"},\"sameAs\":[\"https:\/\/www.facebook.com\/friemo.purever\",\"https:\/\/www.instagram.com\/friemo.purever\/\"]}]}<\/script>\n<!-- \/ Yoast SEO plugin. -->","yoast_head_json":{"title":"Calabria \u2013 Vitrina Chocolate - Friemo","robots":{"index":"index","follow":"follow","max-snippet":"max-snippet:-1","max-image-preview":"max-image-preview:large","max-video-preview":"max-video-preview:-1"},"canonical":"https:\/\/www.friemo.pt\/es\/producto\/calabria-vitrina-chocolate\/","og_locale":"es_ES","og_type":"article","og_title":"Calabria \u2013 Vitrina Chocolate - Friemo","og_description":"Todos los cristales exteriores en doble cristal Puertas traseras correderas en doble cristal Cuatro niveles de exposici\u00f3n refrigerada Resistencia anti-condensaci\u00f3n frontal Iluminaci\u00f3n LED en todos los niveles de exposici\u00f3n Controlador digital Controlador de humedad Term\u00f3metro en la exposici\u00f3n Sistema de refrigeraci\u00f3n por fr\u00edo ventilado Kit de evaporaci\u00f3n incluido Patas regulables Aislamiento en poliuretano inyectado a alta presi\u00f3n y libre de CFC\u2019s, con una densidad de 40 kg\/m\u00b3 Gas refrigerante R404A usado de acuerdo con la normativa ambiental vigente","og_url":"https:\/\/www.friemo.pt\/es\/producto\/calabria-vitrina-chocolate\/","og_site_name":"Friemo","article_publisher":"https:\/\/www.facebook.com\/friemo.purever","article_modified_time":"2022-10-20T14:13:28+00:00","og_image":[{"width":1050,"height":1165,"url":"https:\/\/www.friemo.pt\/wp-content\/uploads\/2022\/06\/Calabria-lacado-1013-chocolate-1.jpg","type":"image\/jpeg"}],"twitter_card":"summary_large_image","schema":{"@context":"https:\/\/schema.org","@graph":[{"@type":"WebPage","@id":"https:\/\/www.friemo.pt\/es\/producto\/calabria-vitrina-chocolate\/","url":"https:\/\/www.friemo.pt\/es\/producto\/calabria-vitrina-chocolate\/","name":"Calabria \u2013 Vitrina Chocolate - Friemo","isPartOf":{"@id":"https:\/\/www.friemo.pt\/en\/#website"},"primaryImageOfPage":{"@id":"https:\/\/www.friemo.pt\/es\/producto\/calabria-vitrina-chocolate\/#primaryimage"},"image":{"@id":"https:\/\/www.friemo.pt\/es\/producto\/calabria-vitrina-chocolate\/#primaryimage"},"thumbnailUrl":"https:\/\/www.friemo.pt\/wp-content\/uploads\/2022\/06\/Calabria-lacado-1013-chocolate-1.jpg","datePublished":"2022-06-23T16:52:17+00:00","dateModified":"2022-10-20T14:13:28+00:00","breadcrumb":{"@id":"https:\/\/www.friemo.pt\/es\/producto\/calabria-vitrina-chocolate\/#breadcrumb"},"inLanguage":"es","potentialAction":[{"@type":"ReadAction","target":["https:\/\/www.friemo.pt\/es\/producto\/calabria-vitrina-chocolate\/"]}]},{"@type":"ImageObject","inLanguage":"es","@id":"https:\/\/www.friemo.pt\/es\/producto\/calabria-vitrina-chocolate\/#primaryimage","url":"https:\/\/www.friemo.pt\/wp-content\/uploads\/2022\/06\/Calabria-lacado-1013-chocolate-1.jpg","contentUrl":"https:\/\/www.friemo.pt\/wp-content\/uploads\/2022\/06\/Calabria-lacado-1013-chocolate-1.jpg","width":1050,"height":1165},{"@type":"BreadcrumbList","@id":"https:\/\/www.friemo.pt\/es\/producto\/calabria-vitrina-chocolate\/#breadcrumb","itemListElement":[{"@type":"ListItem","position":1,"name":"In\u00edcio","item":"https:\/\/www.friemo.pt\/"},{"@type":"ListItem","position":2,"name":"Products","item":"https:\/\/www.friemo.pt\/en\/shop\/"},{"@type":"ListItem","position":3,"name":"Calabria \u2013 Vitrina Chocolate"}]},{"@type":"WebSite","@id":"https:\/\/www.friemo.pt\/en\/#website","url":"https:\/\/www.friemo.pt\/en\/","name":"Friemo","description":"Caring for what you care for","publisher":{"@id":"https:\/\/www.friemo.pt\/en\/#organization"},"potentialAction":[{"@type":"SearchAction","target":{"@type":"EntryPoint","urlTemplate":"https:\/\/www.friemo.pt\/en\/?s={search_term_string}"},"query-input":{"@type":"PropertyValueSpecification","valueRequired":true,"valueName":"search_term_string"}}],"inLanguage":"es"},{"@type":"Organization","@id":"https:\/\/www.friemo.pt\/en\/#organization","name":"Friemo","url":"https:\/\/www.friemo.pt\/en\/","logo":{"@type":"ImageObject","inLanguage":"es","@id":"https:\/\/www.friemo.pt\/en\/#\/schema\/logo\/image\/","url":"https:\/\/www.friemo.pt\/wp-content\/uploads\/2022\/02\/Friemo_logo.png","contentUrl":"https:\/\/www.friemo.pt\/wp-content\/uploads\/2022\/02\/Friemo_logo.png","width":1417,"height":271,"caption":"Friemo"},"image":{"@id":"https:\/\/www.friemo.pt\/en\/#\/schema\/logo\/image\/"},"sameAs":["https:\/\/www.facebook.com\/friemo.purever","https:\/\/www.instagram.com\/friemo.purever\/"]}]}},"_links":{"self":[{"href":"https:\/\/www.friemo.pt\/es\/wp-json\/wp\/v2\/product\/8411"}],"collection":[{"href":"https:\/\/www.friemo.pt\/es\/wp-json\/wp\/v2\/product"}],"about":[{"href":"https:\/\/www.friemo.pt\/es\/wp-json\/wp\/v2\/types\/product"}],"replies":[{"embeddable":true,"href":"https:\/\/www.friemo.pt\/es\/wp-json\/wp\/v2\/comments?post=8411"}],"wp:featuredmedia":[{"embeddable":true,"href":"https:\/\/www.friemo.pt\/es\/wp-json\/wp\/v2\/media\/1695"}],"wp:attachment":[{"href":"https:\/\/www.friemo.pt\/es\/wp-json\/wp\/v2\/media?parent=8411"}],"wp:term":[{"taxonomy":"product_cat","embeddable":true,"href":"https:\/\/www.friemo.pt\/es\/wp-json\/wp\/v2\/product_cat?post=8411"},{"taxonomy":"product_tag","embeddable":true,"href":"https:\/\/www.friemo.pt\/es\/wp-json\/wp\/v2\/product_tag?post=8411"},{"taxonomy":"submarca","embeddable":true,"href":"https:\/\/www.friemo.pt\/es\/wp-json\/wp\/v2\/submarca?post=8411"},{"taxonomy":"tipo","embeddable":true,"href":"https:\/\/www.friemo.pt\/es\/wp-json\/wp\/v2\/tipo?post=8411"},{"taxonomy":"area","embeddable":true,"href":"https:\/\/www.friemo.pt\/es\/wp-json\/wp\/v2\/area?post=8411"}],"curies":[{"name":"wp","href":"https:\/\/api.w.org\/{rel}","templated":true}]}}