{"id":8389,"date":"2022-06-23T16:52:15","date_gmt":"2022-06-23T16:52:15","guid":{"rendered":"https:\/\/www.friemo.pt\/2022\/produto\/corsica-barra-refrigerada\/"},"modified":"2022-10-20T13:31:19","modified_gmt":"2022-10-20T13:31:19","slug":"corsica-barra-refrigerada","status":"publish","type":"product","link":"https:\/\/www.friemo.pt\/es\/producto\/corsica-barra-refrigerada\/","title":{"rendered":"Corsica \u2013 Barra refrigerada"},"content":{"rendered":"","protected":false},"excerpt":{"rendered":"<ul>\n<li>Barras refrigeradas altas y bajas<\/li>\n<li>Para combinar con las vitrinas Calabria, Florida, Ceos, Saona, Nassau y Bonaire<\/li>\n<li>Controlador digital<\/li>\n<li>Sistema de refrigeraci\u00f3n por fr\u00edo ventilado<\/li>\n<li>Patas regulables<\/li>\n<li>Aislamiento de poliuretano inyectado a alta presi\u00f3n sin clorofluorocarbonos (CFC) con una densidad de 40 kg\/m\u00b3<\/li>\n<li>Gas refrigerante R404A usado de acuerdo con la normativa ambiental vigente<\/li>\n<\/ul>\n","protected":false},"featured_media":1406,"comment_status":"open","ping_status":"closed","template":"","meta":{"_acf_changed":false},"product_cat":[407,408,255,301],"product_tag":[],"submarca":[208],"tipo":[538,304],"area":[],"class_list":{"0":"post-8389","1":"product","2":"type-product","3":"status-publish","4":"has-post-thumbnail","6":"product_cat-barras","7":"product_cat-corsica-es","8":"product_cat-tipo-es","9":"product_cat-vitrinas-expositoras-y-barras","10":"submarca-corsica","11":"tipo-barras","12":"tipo-vitrinas-expositoras-y-barras","14":"first","15":"instock","16":"shipping-taxable","17":"product-type-simple"},"acf":[],"yoast_head":"<!-- This site is optimized with the Yoast SEO plugin v25.0 - https:\/\/yoast.com\/wordpress\/plugins\/seo\/ -->\n<title>Corsica \u2013 Barra refrigerada - Friemo<\/title>\n<meta name=\"robots\" content=\"index, follow, max-snippet:-1, max-image-preview:large, max-video-preview:-1\" \/>\n<link rel=\"canonical\" href=\"https:\/\/www.friemo.pt\/es\/producto\/corsica-barra-refrigerada\/\" \/>\n<meta property=\"og:locale\" content=\"es_ES\" \/>\n<meta property=\"og:type\" content=\"article\" \/>\n<meta property=\"og:title\" content=\"Corsica \u2013 Barra refrigerada - Friemo\" \/>\n<meta property=\"og:description\" content=\"Barras refrigeradas altas y bajas Para combinar con las vitrinas Calabria, Florida, Ceos, Saona, Nassau y Bonaire Controlador digital Sistema de refrigeraci\u00f3n por fr\u00edo ventilado Patas regulables Aislamiento de poliuretano inyectado a alta presi\u00f3n sin clorofluorocarbonos (CFC) con una densidad de 40 kg\/m\u00b3 Gas refrigerante R404A usado de acuerdo con la normativa ambiental vigente\" \/>\n<meta property=\"og:url\" content=\"https:\/\/www.friemo.pt\/es\/producto\/corsica-barra-refrigerada\/\" \/>\n<meta property=\"og:site_name\" content=\"Friemo\" \/>\n<meta property=\"article:publisher\" content=\"https:\/\/www.facebook.com\/friemo.purever\" \/>\n<meta property=\"article:modified_time\" content=\"2022-10-20T13:31:19+00:00\" \/>\n<meta property=\"og:image\" content=\"https:\/\/www.friemo.pt\/wp-content\/uploads\/2022\/06\/Corsica-balcao-alto-D021.jpg\" \/>\n\t<meta property=\"og:image:width\" content=\"1050\" \/>\n\t<meta property=\"og:image:height\" content=\"885\" \/>\n\t<meta property=\"og:image:type\" content=\"image\/jpeg\" \/>\n<meta name=\"twitter:card\" content=\"summary_large_image\" \/>\n<script type=\"application\/ld+json\" class=\"yoast-schema-graph\">{\"@context\":\"https:\/\/schema.org\",\"@graph\":[{\"@type\":\"WebPage\",\"@id\":\"https:\/\/www.friemo.pt\/es\/producto\/corsica-barra-refrigerada\/\",\"url\":\"https:\/\/www.friemo.pt\/es\/producto\/corsica-barra-refrigerada\/\",\"name\":\"Corsica \u2013 Barra refrigerada - Friemo\",\"isPartOf\":{\"@id\":\"https:\/\/www.friemo.pt\/en\/#website\"},\"primaryImageOfPage\":{\"@id\":\"https:\/\/www.friemo.pt\/es\/producto\/corsica-barra-refrigerada\/#primaryimage\"},\"image\":{\"@id\":\"https:\/\/www.friemo.pt\/es\/producto\/corsica-barra-refrigerada\/#primaryimage\"},\"thumbnailUrl\":\"https:\/\/www.friemo.pt\/wp-content\/uploads\/2022\/06\/Corsica-balcao-alto-D021.jpg\",\"datePublished\":\"2022-06-23T16:52:15+00:00\",\"dateModified\":\"2022-10-20T13:31:19+00:00\",\"breadcrumb\":{\"@id\":\"https:\/\/www.friemo.pt\/es\/producto\/corsica-barra-refrigerada\/#breadcrumb\"},\"inLanguage\":\"es\",\"potentialAction\":[{\"@type\":\"ReadAction\",\"target\":[\"https:\/\/www.friemo.pt\/es\/producto\/corsica-barra-refrigerada\/\"]}]},{\"@type\":\"ImageObject\",\"inLanguage\":\"es\",\"@id\":\"https:\/\/www.friemo.pt\/es\/producto\/corsica-barra-refrigerada\/#primaryimage\",\"url\":\"https:\/\/www.friemo.pt\/wp-content\/uploads\/2022\/06\/Corsica-balcao-alto-D021.jpg\",\"contentUrl\":\"https:\/\/www.friemo.pt\/wp-content\/uploads\/2022\/06\/Corsica-balcao-alto-D021.jpg\",\"width\":1050,\"height\":885},{\"@type\":\"BreadcrumbList\",\"@id\":\"https:\/\/www.friemo.pt\/es\/producto\/corsica-barra-refrigerada\/#breadcrumb\",\"itemListElement\":[{\"@type\":\"ListItem\",\"position\":1,\"name\":\"In\u00edcio\",\"item\":\"https:\/\/www.friemo.pt\/\"},{\"@type\":\"ListItem\",\"position\":2,\"name\":\"Products\",\"item\":\"https:\/\/www.friemo.pt\/en\/shop\/\"},{\"@type\":\"ListItem\",\"position\":3,\"name\":\"Corsica \u2013 Barra refrigerada\"}]},{\"@type\":\"WebSite\",\"@id\":\"https:\/\/www.friemo.pt\/en\/#website\",\"url\":\"https:\/\/www.friemo.pt\/en\/\",\"name\":\"Friemo\",\"description\":\"Caring for what you care for\",\"publisher\":{\"@id\":\"https:\/\/www.friemo.pt\/en\/#organization\"},\"potentialAction\":[{\"@type\":\"SearchAction\",\"target\":{\"@type\":\"EntryPoint\",\"urlTemplate\":\"https:\/\/www.friemo.pt\/en\/?s={search_term_string}\"},\"query-input\":{\"@type\":\"PropertyValueSpecification\",\"valueRequired\":true,\"valueName\":\"search_term_string\"}}],\"inLanguage\":\"es\"},{\"@type\":\"Organization\",\"@id\":\"https:\/\/www.friemo.pt\/en\/#organization\",\"name\":\"Friemo\",\"url\":\"https:\/\/www.friemo.pt\/en\/\",\"logo\":{\"@type\":\"ImageObject\",\"inLanguage\":\"es\",\"@id\":\"https:\/\/www.friemo.pt\/en\/#\/schema\/logo\/image\/\",\"url\":\"https:\/\/www.friemo.pt\/wp-content\/uploads\/2022\/02\/Friemo_logo.png\",\"contentUrl\":\"https:\/\/www.friemo.pt\/wp-content\/uploads\/2022\/02\/Friemo_logo.png\",\"width\":1417,\"height\":271,\"caption\":\"Friemo\"},\"image\":{\"@id\":\"https:\/\/www.friemo.pt\/en\/#\/schema\/logo\/image\/\"},\"sameAs\":[\"https:\/\/www.facebook.com\/friemo.purever\",\"https:\/\/www.instagram.com\/friemo.purever\/\"]}]}<\/script>\n<!-- \/ Yoast SEO plugin. -->","yoast_head_json":{"title":"Corsica \u2013 Barra refrigerada - Friemo","robots":{"index":"index","follow":"follow","max-snippet":"max-snippet:-1","max-image-preview":"max-image-preview:large","max-video-preview":"max-video-preview:-1"},"canonical":"https:\/\/www.friemo.pt\/es\/producto\/corsica-barra-refrigerada\/","og_locale":"es_ES","og_type":"article","og_title":"Corsica \u2013 Barra refrigerada - Friemo","og_description":"Barras refrigeradas altas y bajas Para combinar con las vitrinas Calabria, Florida, Ceos, Saona, Nassau y Bonaire Controlador digital Sistema de refrigeraci\u00f3n por fr\u00edo ventilado Patas regulables Aislamiento de poliuretano inyectado a alta presi\u00f3n sin clorofluorocarbonos (CFC) con una densidad de 40 kg\/m\u00b3 Gas refrigerante R404A usado de acuerdo con la normativa ambiental vigente","og_url":"https:\/\/www.friemo.pt\/es\/producto\/corsica-barra-refrigerada\/","og_site_name":"Friemo","article_publisher":"https:\/\/www.facebook.com\/friemo.purever","article_modified_time":"2022-10-20T13:31:19+00:00","og_image":[{"width":1050,"height":885,"url":"https:\/\/www.friemo.pt\/wp-content\/uploads\/2022\/06\/Corsica-balcao-alto-D021.jpg","type":"image\/jpeg"}],"twitter_card":"summary_large_image","schema":{"@context":"https:\/\/schema.org","@graph":[{"@type":"WebPage","@id":"https:\/\/www.friemo.pt\/es\/producto\/corsica-barra-refrigerada\/","url":"https:\/\/www.friemo.pt\/es\/producto\/corsica-barra-refrigerada\/","name":"Corsica \u2013 Barra refrigerada - Friemo","isPartOf":{"@id":"https:\/\/www.friemo.pt\/en\/#website"},"primaryImageOfPage":{"@id":"https:\/\/www.friemo.pt\/es\/producto\/corsica-barra-refrigerada\/#primaryimage"},"image":{"@id":"https:\/\/www.friemo.pt\/es\/producto\/corsica-barra-refrigerada\/#primaryimage"},"thumbnailUrl":"https:\/\/www.friemo.pt\/wp-content\/uploads\/2022\/06\/Corsica-balcao-alto-D021.jpg","datePublished":"2022-06-23T16:52:15+00:00","dateModified":"2022-10-20T13:31:19+00:00","breadcrumb":{"@id":"https:\/\/www.friemo.pt\/es\/producto\/corsica-barra-refrigerada\/#breadcrumb"},"inLanguage":"es","potentialAction":[{"@type":"ReadAction","target":["https:\/\/www.friemo.pt\/es\/producto\/corsica-barra-refrigerada\/"]}]},{"@type":"ImageObject","inLanguage":"es","@id":"https:\/\/www.friemo.pt\/es\/producto\/corsica-barra-refrigerada\/#primaryimage","url":"https:\/\/www.friemo.pt\/wp-content\/uploads\/2022\/06\/Corsica-balcao-alto-D021.jpg","contentUrl":"https:\/\/www.friemo.pt\/wp-content\/uploads\/2022\/06\/Corsica-balcao-alto-D021.jpg","width":1050,"height":885},{"@type":"BreadcrumbList","@id":"https:\/\/www.friemo.pt\/es\/producto\/corsica-barra-refrigerada\/#breadcrumb","itemListElement":[{"@type":"ListItem","position":1,"name":"In\u00edcio","item":"https:\/\/www.friemo.pt\/"},{"@type":"ListItem","position":2,"name":"Products","item":"https:\/\/www.friemo.pt\/en\/shop\/"},{"@type":"ListItem","position":3,"name":"Corsica \u2013 Barra refrigerada"}]},{"@type":"WebSite","@id":"https:\/\/www.friemo.pt\/en\/#website","url":"https:\/\/www.friemo.pt\/en\/","name":"Friemo","description":"Caring for what you care for","publisher":{"@id":"https:\/\/www.friemo.pt\/en\/#organization"},"potentialAction":[{"@type":"SearchAction","target":{"@type":"EntryPoint","urlTemplate":"https:\/\/www.friemo.pt\/en\/?s={search_term_string}"},"query-input":{"@type":"PropertyValueSpecification","valueRequired":true,"valueName":"search_term_string"}}],"inLanguage":"es"},{"@type":"Organization","@id":"https:\/\/www.friemo.pt\/en\/#organization","name":"Friemo","url":"https:\/\/www.friemo.pt\/en\/","logo":{"@type":"ImageObject","inLanguage":"es","@id":"https:\/\/www.friemo.pt\/en\/#\/schema\/logo\/image\/","url":"https:\/\/www.friemo.pt\/wp-content\/uploads\/2022\/02\/Friemo_logo.png","contentUrl":"https:\/\/www.friemo.pt\/wp-content\/uploads\/2022\/02\/Friemo_logo.png","width":1417,"height":271,"caption":"Friemo"},"image":{"@id":"https:\/\/www.friemo.pt\/en\/#\/schema\/logo\/image\/"},"sameAs":["https:\/\/www.facebook.com\/friemo.purever","https:\/\/www.instagram.com\/friemo.purever\/"]}]}},"_links":{"self":[{"href":"https:\/\/www.friemo.pt\/es\/wp-json\/wp\/v2\/product\/8389"}],"collection":[{"href":"https:\/\/www.friemo.pt\/es\/wp-json\/wp\/v2\/product"}],"about":[{"href":"https:\/\/www.friemo.pt\/es\/wp-json\/wp\/v2\/types\/product"}],"replies":[{"embeddable":true,"href":"https:\/\/www.friemo.pt\/es\/wp-json\/wp\/v2\/comments?post=8389"}],"wp:featuredmedia":[{"embeddable":true,"href":"https:\/\/www.friemo.pt\/es\/wp-json\/wp\/v2\/media\/1406"}],"wp:attachment":[{"href":"https:\/\/www.friemo.pt\/es\/wp-json\/wp\/v2\/media?parent=8389"}],"wp:term":[{"taxonomy":"product_cat","embeddable":true,"href":"https:\/\/www.friemo.pt\/es\/wp-json\/wp\/v2\/product_cat?post=8389"},{"taxonomy":"product_tag","embeddable":true,"href":"https:\/\/www.friemo.pt\/es\/wp-json\/wp\/v2\/product_tag?post=8389"},{"taxonomy":"submarca","embeddable":true,"href":"https:\/\/www.friemo.pt\/es\/wp-json\/wp\/v2\/submarca?post=8389"},{"taxonomy":"tipo","embeddable":true,"href":"https:\/\/www.friemo.pt\/es\/wp-json\/wp\/v2\/tipo?post=8389"},{"taxonomy":"area","embeddable":true,"href":"https:\/\/www.friemo.pt\/es\/wp-json\/wp\/v2\/area?post=8389"}],"curies":[{"name":"wp","href":"https:\/\/api.w.org\/{rel}","templated":true}]}}