{"id":8362,"date":"2022-06-23T16:52:13","date_gmt":"2022-06-23T16:52:13","guid":{"rendered":"https:\/\/www.friemo.pt\/2022\/produto\/aruba-mural-para-frutas-y-verduras-con-lateral-cerrado\/"},"modified":"2022-10-20T11:04:20","modified_gmt":"2022-10-20T11:04:20","slug":"aruba-mural-para-frutas-y-verduras-con-lateral-cerrado","status":"publish","type":"product","link":"https:\/\/www.friemo.pt\/es\/producto\/aruba-mural-para-frutas-y-verduras-con-lateral-cerrado\/","title":{"rendered":"Aruba \u2013 Mural para Frutas y Verduras con Lateral Cerrado"},"content":{"rendered":"","protected":false},"excerpt":{"rendered":"<ul>\n<li>Mural refrigerado para frutas y verduras<\/li>\n<li>Tres estantes de exposici\u00f3n regulables en altura e inclinables<\/li>\n<li>Deflector frontal de cristal transparente<\/li>\n<li>Sistema de refrigeraci\u00f3n por fr\u00edo ventilado<\/li>\n<li>Controlador digital con term\u00f3metro<\/li>\n<li>Cortina nocturna<\/li>\n<li>Espejo superior incorporado para mayor visibilidad del producto<\/li>\n<li>Patas regulables<\/li>\n<li>Aislamiento de poliuretano inyectado a alta presi\u00f3n sin clorofluorocarbonos (CFC) con una densidad de 40 kg\/m\u00b3<\/li>\n<li>Gas refrigerante usado de acuerdo con la normativa vigente<\/li>\n<\/ul>\n","protected":false},"featured_media":1333,"comment_status":"open","ping_status":"closed","template":"","meta":{"_acf_changed":false},"product_cat":[432,429,255,301],"product_tag":[],"submarca":[215],"tipo":[526,304],"area":[],"class_list":{"0":"post-8362","1":"product","2":"type-product","3":"status-publish","4":"has-post-thumbnail","6":"product_cat-aruba-es","7":"product_cat-murales-es","8":"product_cat-tipo-es","9":"product_cat-vitrinas-expositoras-y-barras","10":"submarca-aruba","11":"tipo-mural","12":"tipo-vitrinas-expositoras-y-barras","14":"first","15":"instock","16":"shipping-taxable","17":"product-type-simple"},"acf":[],"yoast_head":"<!-- This site is optimized with the Yoast SEO plugin v25.0 - https:\/\/yoast.com\/wordpress\/plugins\/seo\/ -->\n<title>Aruba \u2013 Mural para Frutas y Verduras con Lateral Cerrado - Friemo<\/title>\n<meta name=\"robots\" content=\"index, follow, max-snippet:-1, max-image-preview:large, max-video-preview:-1\" \/>\n<link rel=\"canonical\" href=\"https:\/\/www.friemo.pt\/es\/producto\/aruba-mural-para-frutas-y-verduras-con-lateral-cerrado\/\" \/>\n<meta property=\"og:locale\" content=\"es_ES\" \/>\n<meta property=\"og:type\" content=\"article\" \/>\n<meta property=\"og:title\" content=\"Aruba \u2013 Mural para Frutas y Verduras con Lateral Cerrado - Friemo\" \/>\n<meta property=\"og:description\" content=\"Mural refrigerado para frutas y verduras Tres estantes de exposici\u00f3n regulables en altura e inclinables Deflector frontal de cristal transparente Sistema de refrigeraci\u00f3n por fr\u00edo ventilado Controlador digital con term\u00f3metro Cortina nocturna Espejo superior incorporado para mayor visibilidad del producto Patas regulables Aislamiento de poliuretano inyectado a alta presi\u00f3n sin clorofluorocarbonos (CFC) con una densidad de 40 kg\/m\u00b3 Gas refrigerante usado de acuerdo con la normativa vigente\" \/>\n<meta property=\"og:url\" content=\"https:\/\/www.friemo.pt\/es\/producto\/aruba-mural-para-frutas-y-verduras-con-lateral-cerrado\/\" \/>\n<meta property=\"og:site_name\" content=\"Friemo\" \/>\n<meta property=\"article:publisher\" content=\"https:\/\/www.facebook.com\/friemo.purever\" \/>\n<meta property=\"article:modified_time\" content=\"2022-10-20T11:04:20+00:00\" \/>\n<meta property=\"og:image\" content=\"https:\/\/www.friemo.pt\/wp-content\/uploads\/2022\/06\/Aruba_Mural_Frutas-legumes-lateral-fechado-2.jpg\" \/>\n\t<meta property=\"og:image:width\" content=\"1050\" \/>\n\t<meta property=\"og:image:height\" content=\"1200\" \/>\n\t<meta property=\"og:image:type\" content=\"image\/jpeg\" \/>\n<meta name=\"twitter:card\" content=\"summary_large_image\" \/>\n<script type=\"application\/ld+json\" class=\"yoast-schema-graph\">{\"@context\":\"https:\/\/schema.org\",\"@graph\":[{\"@type\":\"WebPage\",\"@id\":\"https:\/\/www.friemo.pt\/es\/producto\/aruba-mural-para-frutas-y-verduras-con-lateral-cerrado\/\",\"url\":\"https:\/\/www.friemo.pt\/es\/producto\/aruba-mural-para-frutas-y-verduras-con-lateral-cerrado\/\",\"name\":\"Aruba \u2013 Mural para Frutas y Verduras con Lateral Cerrado - Friemo\",\"isPartOf\":{\"@id\":\"https:\/\/www.friemo.pt\/en\/#website\"},\"primaryImageOfPage\":{\"@id\":\"https:\/\/www.friemo.pt\/es\/producto\/aruba-mural-para-frutas-y-verduras-con-lateral-cerrado\/#primaryimage\"},\"image\":{\"@id\":\"https:\/\/www.friemo.pt\/es\/producto\/aruba-mural-para-frutas-y-verduras-con-lateral-cerrado\/#primaryimage\"},\"thumbnailUrl\":\"https:\/\/www.friemo.pt\/wp-content\/uploads\/2022\/06\/Aruba_Mural_Frutas-legumes-lateral-fechado-2.jpg\",\"datePublished\":\"2022-06-23T16:52:13+00:00\",\"dateModified\":\"2022-10-20T11:04:20+00:00\",\"breadcrumb\":{\"@id\":\"https:\/\/www.friemo.pt\/es\/producto\/aruba-mural-para-frutas-y-verduras-con-lateral-cerrado\/#breadcrumb\"},\"inLanguage\":\"es\",\"potentialAction\":[{\"@type\":\"ReadAction\",\"target\":[\"https:\/\/www.friemo.pt\/es\/producto\/aruba-mural-para-frutas-y-verduras-con-lateral-cerrado\/\"]}]},{\"@type\":\"ImageObject\",\"inLanguage\":\"es\",\"@id\":\"https:\/\/www.friemo.pt\/es\/producto\/aruba-mural-para-frutas-y-verduras-con-lateral-cerrado\/#primaryimage\",\"url\":\"https:\/\/www.friemo.pt\/wp-content\/uploads\/2022\/06\/Aruba_Mural_Frutas-legumes-lateral-fechado-2.jpg\",\"contentUrl\":\"https:\/\/www.friemo.pt\/wp-content\/uploads\/2022\/06\/Aruba_Mural_Frutas-legumes-lateral-fechado-2.jpg\",\"width\":1050,\"height\":1200},{\"@type\":\"BreadcrumbList\",\"@id\":\"https:\/\/www.friemo.pt\/es\/producto\/aruba-mural-para-frutas-y-verduras-con-lateral-cerrado\/#breadcrumb\",\"itemListElement\":[{\"@type\":\"ListItem\",\"position\":1,\"name\":\"In\u00edcio\",\"item\":\"https:\/\/www.friemo.pt\/\"},{\"@type\":\"ListItem\",\"position\":2,\"name\":\"Products\",\"item\":\"https:\/\/www.friemo.pt\/en\/shop\/\"},{\"@type\":\"ListItem\",\"position\":3,\"name\":\"Aruba \u2013 Mural para Frutas y Verduras con Lateral Cerrado\"}]},{\"@type\":\"WebSite\",\"@id\":\"https:\/\/www.friemo.pt\/en\/#website\",\"url\":\"https:\/\/www.friemo.pt\/en\/\",\"name\":\"Friemo\",\"description\":\"Caring for what you care for\",\"publisher\":{\"@id\":\"https:\/\/www.friemo.pt\/en\/#organization\"},\"potentialAction\":[{\"@type\":\"SearchAction\",\"target\":{\"@type\":\"EntryPoint\",\"urlTemplate\":\"https:\/\/www.friemo.pt\/en\/?s={search_term_string}\"},\"query-input\":{\"@type\":\"PropertyValueSpecification\",\"valueRequired\":true,\"valueName\":\"search_term_string\"}}],\"inLanguage\":\"es\"},{\"@type\":\"Organization\",\"@id\":\"https:\/\/www.friemo.pt\/en\/#organization\",\"name\":\"Friemo\",\"url\":\"https:\/\/www.friemo.pt\/en\/\",\"logo\":{\"@type\":\"ImageObject\",\"inLanguage\":\"es\",\"@id\":\"https:\/\/www.friemo.pt\/en\/#\/schema\/logo\/image\/\",\"url\":\"https:\/\/www.friemo.pt\/wp-content\/uploads\/2022\/02\/Friemo_logo.png\",\"contentUrl\":\"https:\/\/www.friemo.pt\/wp-content\/uploads\/2022\/02\/Friemo_logo.png\",\"width\":1417,\"height\":271,\"caption\":\"Friemo\"},\"image\":{\"@id\":\"https:\/\/www.friemo.pt\/en\/#\/schema\/logo\/image\/\"},\"sameAs\":[\"https:\/\/www.facebook.com\/friemo.purever\",\"https:\/\/www.instagram.com\/friemo.purever\/\"]}]}<\/script>\n<!-- \/ Yoast SEO plugin. -->","yoast_head_json":{"title":"Aruba \u2013 Mural para Frutas y Verduras con Lateral Cerrado - Friemo","robots":{"index":"index","follow":"follow","max-snippet":"max-snippet:-1","max-image-preview":"max-image-preview:large","max-video-preview":"max-video-preview:-1"},"canonical":"https:\/\/www.friemo.pt\/es\/producto\/aruba-mural-para-frutas-y-verduras-con-lateral-cerrado\/","og_locale":"es_ES","og_type":"article","og_title":"Aruba \u2013 Mural para Frutas y Verduras con Lateral Cerrado - Friemo","og_description":"Mural refrigerado para frutas y verduras Tres estantes de exposici\u00f3n regulables en altura e inclinables Deflector frontal de cristal transparente Sistema de refrigeraci\u00f3n por fr\u00edo ventilado Controlador digital con term\u00f3metro Cortina nocturna Espejo superior incorporado para mayor visibilidad del producto Patas regulables Aislamiento de poliuretano inyectado a alta presi\u00f3n sin clorofluorocarbonos (CFC) con una densidad de 40 kg\/m\u00b3 Gas refrigerante usado de acuerdo con la normativa vigente","og_url":"https:\/\/www.friemo.pt\/es\/producto\/aruba-mural-para-frutas-y-verduras-con-lateral-cerrado\/","og_site_name":"Friemo","article_publisher":"https:\/\/www.facebook.com\/friemo.purever","article_modified_time":"2022-10-20T11:04:20+00:00","og_image":[{"width":1050,"height":1200,"url":"https:\/\/www.friemo.pt\/wp-content\/uploads\/2022\/06\/Aruba_Mural_Frutas-legumes-lateral-fechado-2.jpg","type":"image\/jpeg"}],"twitter_card":"summary_large_image","schema":{"@context":"https:\/\/schema.org","@graph":[{"@type":"WebPage","@id":"https:\/\/www.friemo.pt\/es\/producto\/aruba-mural-para-frutas-y-verduras-con-lateral-cerrado\/","url":"https:\/\/www.friemo.pt\/es\/producto\/aruba-mural-para-frutas-y-verduras-con-lateral-cerrado\/","name":"Aruba \u2013 Mural para Frutas y Verduras con Lateral Cerrado - Friemo","isPartOf":{"@id":"https:\/\/www.friemo.pt\/en\/#website"},"primaryImageOfPage":{"@id":"https:\/\/www.friemo.pt\/es\/producto\/aruba-mural-para-frutas-y-verduras-con-lateral-cerrado\/#primaryimage"},"image":{"@id":"https:\/\/www.friemo.pt\/es\/producto\/aruba-mural-para-frutas-y-verduras-con-lateral-cerrado\/#primaryimage"},"thumbnailUrl":"https:\/\/www.friemo.pt\/wp-content\/uploads\/2022\/06\/Aruba_Mural_Frutas-legumes-lateral-fechado-2.jpg","datePublished":"2022-06-23T16:52:13+00:00","dateModified":"2022-10-20T11:04:20+00:00","breadcrumb":{"@id":"https:\/\/www.friemo.pt\/es\/producto\/aruba-mural-para-frutas-y-verduras-con-lateral-cerrado\/#breadcrumb"},"inLanguage":"es","potentialAction":[{"@type":"ReadAction","target":["https:\/\/www.friemo.pt\/es\/producto\/aruba-mural-para-frutas-y-verduras-con-lateral-cerrado\/"]}]},{"@type":"ImageObject","inLanguage":"es","@id":"https:\/\/www.friemo.pt\/es\/producto\/aruba-mural-para-frutas-y-verduras-con-lateral-cerrado\/#primaryimage","url":"https:\/\/www.friemo.pt\/wp-content\/uploads\/2022\/06\/Aruba_Mural_Frutas-legumes-lateral-fechado-2.jpg","contentUrl":"https:\/\/www.friemo.pt\/wp-content\/uploads\/2022\/06\/Aruba_Mural_Frutas-legumes-lateral-fechado-2.jpg","width":1050,"height":1200},{"@type":"BreadcrumbList","@id":"https:\/\/www.friemo.pt\/es\/producto\/aruba-mural-para-frutas-y-verduras-con-lateral-cerrado\/#breadcrumb","itemListElement":[{"@type":"ListItem","position":1,"name":"In\u00edcio","item":"https:\/\/www.friemo.pt\/"},{"@type":"ListItem","position":2,"name":"Products","item":"https:\/\/www.friemo.pt\/en\/shop\/"},{"@type":"ListItem","position":3,"name":"Aruba \u2013 Mural para Frutas y Verduras con Lateral Cerrado"}]},{"@type":"WebSite","@id":"https:\/\/www.friemo.pt\/en\/#website","url":"https:\/\/www.friemo.pt\/en\/","name":"Friemo","description":"Caring for what you care for","publisher":{"@id":"https:\/\/www.friemo.pt\/en\/#organization"},"potentialAction":[{"@type":"SearchAction","target":{"@type":"EntryPoint","urlTemplate":"https:\/\/www.friemo.pt\/en\/?s={search_term_string}"},"query-input":{"@type":"PropertyValueSpecification","valueRequired":true,"valueName":"search_term_string"}}],"inLanguage":"es"},{"@type":"Organization","@id":"https:\/\/www.friemo.pt\/en\/#organization","name":"Friemo","url":"https:\/\/www.friemo.pt\/en\/","logo":{"@type":"ImageObject","inLanguage":"es","@id":"https:\/\/www.friemo.pt\/en\/#\/schema\/logo\/image\/","url":"https:\/\/www.friemo.pt\/wp-content\/uploads\/2022\/02\/Friemo_logo.png","contentUrl":"https:\/\/www.friemo.pt\/wp-content\/uploads\/2022\/02\/Friemo_logo.png","width":1417,"height":271,"caption":"Friemo"},"image":{"@id":"https:\/\/www.friemo.pt\/en\/#\/schema\/logo\/image\/"},"sameAs":["https:\/\/www.facebook.com\/friemo.purever","https:\/\/www.instagram.com\/friemo.purever\/"]}]}},"_links":{"self":[{"href":"https:\/\/www.friemo.pt\/es\/wp-json\/wp\/v2\/product\/8362"}],"collection":[{"href":"https:\/\/www.friemo.pt\/es\/wp-json\/wp\/v2\/product"}],"about":[{"href":"https:\/\/www.friemo.pt\/es\/wp-json\/wp\/v2\/types\/product"}],"replies":[{"embeddable":true,"href":"https:\/\/www.friemo.pt\/es\/wp-json\/wp\/v2\/comments?post=8362"}],"wp:featuredmedia":[{"embeddable":true,"href":"https:\/\/www.friemo.pt\/es\/wp-json\/wp\/v2\/media\/1333"}],"wp:attachment":[{"href":"https:\/\/www.friemo.pt\/es\/wp-json\/wp\/v2\/media?parent=8362"}],"wp:term":[{"taxonomy":"product_cat","embeddable":true,"href":"https:\/\/www.friemo.pt\/es\/wp-json\/wp\/v2\/product_cat?post=8362"},{"taxonomy":"product_tag","embeddable":true,"href":"https:\/\/www.friemo.pt\/es\/wp-json\/wp\/v2\/product_tag?post=8362"},{"taxonomy":"submarca","embeddable":true,"href":"https:\/\/www.friemo.pt\/es\/wp-json\/wp\/v2\/submarca?post=8362"},{"taxonomy":"tipo","embeddable":true,"href":"https:\/\/www.friemo.pt\/es\/wp-json\/wp\/v2\/tipo?post=8362"},{"taxonomy":"area","embeddable":true,"href":"https:\/\/www.friemo.pt\/es\/wp-json\/wp\/v2\/area?post=8362"}],"curies":[{"name":"wp","href":"https:\/\/api.w.org\/{rel}","templated":true}]}}