{"id":8281,"date":"2022-06-23T16:55:05","date_gmt":"2022-06-23T16:55:05","guid":{"rendered":"https:\/\/www.friemo.pt\/2022\/produto\/linx-fregaderos\/"},"modified":"2022-10-20T10:56:14","modified_gmt":"2022-10-20T10:56:14","slug":"linx-fregaderos","status":"publish","type":"product","link":"https:\/\/www.friemo.pt\/es\/producto\/linx-fregaderos\/","title":{"rendered":"Linx \u2013 Fregaderos"},"content":{"rendered":"","protected":false},"excerpt":{"rendered":"<ul>\n<li>Fregaderos murales<\/li>\n<li>Encimeras rectas con 40 mm de espesor y un alzado de 85 mm inclinado<\/li>\n<li>Encimeras redondeadas con 50 mm de espesor y un alzado de 100 mm rectas<\/li>\n<li>Cubas insonorizadas<\/li>\n<li>Varias dimensiones de cubas<\/li>\n<li>Salida de desag\u00fce de 55 y 90 mm<\/li>\n<li>Encimera estampada en las versiones est\u00e1ndar<\/li>\n<li>Profundidad est\u00e1ndar de 600 y 700 mm<\/li>\n<li>Los fregaderos se proporcionan montados o desmontados<\/li>\n<li>Construcci\u00f3n robusta y s\u00f3lida<\/li>\n<li>Estructura tubular 40 x 40 x 1 mm en acero inoxidable<\/li>\n<li>Modelos est\u00e1ndar y a medida<\/li>\n<li>Patas regulables en altura<\/li>\n<\/ul>\n","protected":false},"featured_media":2317,"comment_status":"open","ping_status":"closed","template":"","meta":{"_acf_changed":false},"product_cat":[273,374,255],"product_tag":[],"submarca":[204],"tipo":[276,277,505],"area":[],"class_list":{"0":"post-8281","1":"product","2":"type-product","3":"status-publish","4":"has-post-thumbnail","6":"product_cat-equipamiento-neutro","7":"product_cat-mesas-y-fregaderos","8":"product_cat-tipo-es","9":"submarca-linx","10":"tipo-equipamiento-neutro","11":"tipo-equipos-de-acero-inoxidable","12":"tipo-mesas-y-fregaderos","14":"first","15":"instock","16":"shipping-taxable","17":"product-type-simple"},"acf":[],"yoast_head":"<!-- This site is optimized with the Yoast SEO plugin v25.0 - https:\/\/yoast.com\/wordpress\/plugins\/seo\/ -->\n<title>Linx \u2013 Fregaderos - Friemo<\/title>\n<meta name=\"robots\" content=\"index, follow, max-snippet:-1, max-image-preview:large, max-video-preview:-1\" \/>\n<link rel=\"canonical\" href=\"https:\/\/www.friemo.pt\/es\/producto\/linx-fregaderos\/\" \/>\n<meta property=\"og:locale\" content=\"es_ES\" \/>\n<meta property=\"og:type\" content=\"article\" \/>\n<meta property=\"og:title\" content=\"Linx \u2013 Fregaderos - Friemo\" \/>\n<meta property=\"og:description\" content=\"Fregaderos murales Encimeras rectas con 40 mm de espesor y un alzado de 85 mm inclinado Encimeras redondeadas con 50 mm de espesor y un alzado de 100 mm rectas Cubas insonorizadas Varias dimensiones de cubas Salida de desag\u00fce de 55 y 90 mm Encimera estampada en las versiones est\u00e1ndar Profundidad est\u00e1ndar de 600 y 700 mm Los fregaderos se proporcionan montados o desmontados Construcci\u00f3n robusta y s\u00f3lida Estructura tubular 40 x 40 x 1 mm en acero inoxidable Modelos est\u00e1ndar y a medida Patas regulables en altura\" \/>\n<meta property=\"og:url\" content=\"https:\/\/www.friemo.pt\/es\/producto\/linx-fregaderos\/\" \/>\n<meta property=\"og:site_name\" content=\"Friemo\" \/>\n<meta property=\"article:publisher\" content=\"https:\/\/www.facebook.com\/friemo.purever\" \/>\n<meta property=\"article:modified_time\" content=\"2022-10-20T10:56:14+00:00\" \/>\n<meta property=\"og:image\" content=\"https:\/\/www.friemo.pt\/wp-content\/uploads\/2022\/06\/Linx-Lavadouro-simples-1.jpg\" \/>\n\t<meta property=\"og:image:width\" content=\"1050\" \/>\n\t<meta property=\"og:image:height\" content=\"1050\" \/>\n\t<meta property=\"og:image:type\" content=\"image\/jpeg\" \/>\n<meta name=\"twitter:card\" content=\"summary_large_image\" \/>\n<script type=\"application\/ld+json\" class=\"yoast-schema-graph\">{\"@context\":\"https:\/\/schema.org\",\"@graph\":[{\"@type\":\"WebPage\",\"@id\":\"https:\/\/www.friemo.pt\/es\/producto\/linx-fregaderos\/\",\"url\":\"https:\/\/www.friemo.pt\/es\/producto\/linx-fregaderos\/\",\"name\":\"Linx \u2013 Fregaderos - Friemo\",\"isPartOf\":{\"@id\":\"https:\/\/www.friemo.pt\/en\/#website\"},\"primaryImageOfPage\":{\"@id\":\"https:\/\/www.friemo.pt\/es\/producto\/linx-fregaderos\/#primaryimage\"},\"image\":{\"@id\":\"https:\/\/www.friemo.pt\/es\/producto\/linx-fregaderos\/#primaryimage\"},\"thumbnailUrl\":\"https:\/\/www.friemo.pt\/wp-content\/uploads\/2022\/06\/Linx-Lavadouro-simples-1.jpg\",\"datePublished\":\"2022-06-23T16:55:05+00:00\",\"dateModified\":\"2022-10-20T10:56:14+00:00\",\"breadcrumb\":{\"@id\":\"https:\/\/www.friemo.pt\/es\/producto\/linx-fregaderos\/#breadcrumb\"},\"inLanguage\":\"es\",\"potentialAction\":[{\"@type\":\"ReadAction\",\"target\":[\"https:\/\/www.friemo.pt\/es\/producto\/linx-fregaderos\/\"]}]},{\"@type\":\"ImageObject\",\"inLanguage\":\"es\",\"@id\":\"https:\/\/www.friemo.pt\/es\/producto\/linx-fregaderos\/#primaryimage\",\"url\":\"https:\/\/www.friemo.pt\/wp-content\/uploads\/2022\/06\/Linx-Lavadouro-simples-1.jpg\",\"contentUrl\":\"https:\/\/www.friemo.pt\/wp-content\/uploads\/2022\/06\/Linx-Lavadouro-simples-1.jpg\",\"width\":1050,\"height\":1050},{\"@type\":\"BreadcrumbList\",\"@id\":\"https:\/\/www.friemo.pt\/es\/producto\/linx-fregaderos\/#breadcrumb\",\"itemListElement\":[{\"@type\":\"ListItem\",\"position\":1,\"name\":\"In\u00edcio\",\"item\":\"https:\/\/www.friemo.pt\/\"},{\"@type\":\"ListItem\",\"position\":2,\"name\":\"Products\",\"item\":\"https:\/\/www.friemo.pt\/en\/shop\/\"},{\"@type\":\"ListItem\",\"position\":3,\"name\":\"Linx \u2013 Fregaderos\"}]},{\"@type\":\"WebSite\",\"@id\":\"https:\/\/www.friemo.pt\/en\/#website\",\"url\":\"https:\/\/www.friemo.pt\/en\/\",\"name\":\"Friemo\",\"description\":\"Caring for what you care for\",\"publisher\":{\"@id\":\"https:\/\/www.friemo.pt\/en\/#organization\"},\"potentialAction\":[{\"@type\":\"SearchAction\",\"target\":{\"@type\":\"EntryPoint\",\"urlTemplate\":\"https:\/\/www.friemo.pt\/en\/?s={search_term_string}\"},\"query-input\":{\"@type\":\"PropertyValueSpecification\",\"valueRequired\":true,\"valueName\":\"search_term_string\"}}],\"inLanguage\":\"es\"},{\"@type\":\"Organization\",\"@id\":\"https:\/\/www.friemo.pt\/en\/#organization\",\"name\":\"Friemo\",\"url\":\"https:\/\/www.friemo.pt\/en\/\",\"logo\":{\"@type\":\"ImageObject\",\"inLanguage\":\"es\",\"@id\":\"https:\/\/www.friemo.pt\/en\/#\/schema\/logo\/image\/\",\"url\":\"https:\/\/www.friemo.pt\/wp-content\/uploads\/2022\/02\/Friemo_logo.png\",\"contentUrl\":\"https:\/\/www.friemo.pt\/wp-content\/uploads\/2022\/02\/Friemo_logo.png\",\"width\":1417,\"height\":271,\"caption\":\"Friemo\"},\"image\":{\"@id\":\"https:\/\/www.friemo.pt\/en\/#\/schema\/logo\/image\/\"},\"sameAs\":[\"https:\/\/www.facebook.com\/friemo.purever\",\"https:\/\/www.instagram.com\/friemo.purever\/\"]}]}<\/script>\n<!-- \/ Yoast SEO plugin. -->","yoast_head_json":{"title":"Linx \u2013 Fregaderos - Friemo","robots":{"index":"index","follow":"follow","max-snippet":"max-snippet:-1","max-image-preview":"max-image-preview:large","max-video-preview":"max-video-preview:-1"},"canonical":"https:\/\/www.friemo.pt\/es\/producto\/linx-fregaderos\/","og_locale":"es_ES","og_type":"article","og_title":"Linx \u2013 Fregaderos - Friemo","og_description":"Fregaderos murales Encimeras rectas con 40 mm de espesor y un alzado de 85 mm inclinado Encimeras redondeadas con 50 mm de espesor y un alzado de 100 mm rectas Cubas insonorizadas Varias dimensiones de cubas Salida de desag\u00fce de 55 y 90 mm Encimera estampada en las versiones est\u00e1ndar Profundidad est\u00e1ndar de 600 y 700 mm Los fregaderos se proporcionan montados o desmontados Construcci\u00f3n robusta y s\u00f3lida Estructura tubular 40 x 40 x 1 mm en acero inoxidable Modelos est\u00e1ndar y a medida Patas regulables en altura","og_url":"https:\/\/www.friemo.pt\/es\/producto\/linx-fregaderos\/","og_site_name":"Friemo","article_publisher":"https:\/\/www.facebook.com\/friemo.purever","article_modified_time":"2022-10-20T10:56:14+00:00","og_image":[{"width":1050,"height":1050,"url":"https:\/\/www.friemo.pt\/wp-content\/uploads\/2022\/06\/Linx-Lavadouro-simples-1.jpg","type":"image\/jpeg"}],"twitter_card":"summary_large_image","schema":{"@context":"https:\/\/schema.org","@graph":[{"@type":"WebPage","@id":"https:\/\/www.friemo.pt\/es\/producto\/linx-fregaderos\/","url":"https:\/\/www.friemo.pt\/es\/producto\/linx-fregaderos\/","name":"Linx \u2013 Fregaderos - Friemo","isPartOf":{"@id":"https:\/\/www.friemo.pt\/en\/#website"},"primaryImageOfPage":{"@id":"https:\/\/www.friemo.pt\/es\/producto\/linx-fregaderos\/#primaryimage"},"image":{"@id":"https:\/\/www.friemo.pt\/es\/producto\/linx-fregaderos\/#primaryimage"},"thumbnailUrl":"https:\/\/www.friemo.pt\/wp-content\/uploads\/2022\/06\/Linx-Lavadouro-simples-1.jpg","datePublished":"2022-06-23T16:55:05+00:00","dateModified":"2022-10-20T10:56:14+00:00","breadcrumb":{"@id":"https:\/\/www.friemo.pt\/es\/producto\/linx-fregaderos\/#breadcrumb"},"inLanguage":"es","potentialAction":[{"@type":"ReadAction","target":["https:\/\/www.friemo.pt\/es\/producto\/linx-fregaderos\/"]}]},{"@type":"ImageObject","inLanguage":"es","@id":"https:\/\/www.friemo.pt\/es\/producto\/linx-fregaderos\/#primaryimage","url":"https:\/\/www.friemo.pt\/wp-content\/uploads\/2022\/06\/Linx-Lavadouro-simples-1.jpg","contentUrl":"https:\/\/www.friemo.pt\/wp-content\/uploads\/2022\/06\/Linx-Lavadouro-simples-1.jpg","width":1050,"height":1050},{"@type":"BreadcrumbList","@id":"https:\/\/www.friemo.pt\/es\/producto\/linx-fregaderos\/#breadcrumb","itemListElement":[{"@type":"ListItem","position":1,"name":"In\u00edcio","item":"https:\/\/www.friemo.pt\/"},{"@type":"ListItem","position":2,"name":"Products","item":"https:\/\/www.friemo.pt\/en\/shop\/"},{"@type":"ListItem","position":3,"name":"Linx \u2013 Fregaderos"}]},{"@type":"WebSite","@id":"https:\/\/www.friemo.pt\/en\/#website","url":"https:\/\/www.friemo.pt\/en\/","name":"Friemo","description":"Caring for what you care for","publisher":{"@id":"https:\/\/www.friemo.pt\/en\/#organization"},"potentialAction":[{"@type":"SearchAction","target":{"@type":"EntryPoint","urlTemplate":"https:\/\/www.friemo.pt\/en\/?s={search_term_string}"},"query-input":{"@type":"PropertyValueSpecification","valueRequired":true,"valueName":"search_term_string"}}],"inLanguage":"es"},{"@type":"Organization","@id":"https:\/\/www.friemo.pt\/en\/#organization","name":"Friemo","url":"https:\/\/www.friemo.pt\/en\/","logo":{"@type":"ImageObject","inLanguage":"es","@id":"https:\/\/www.friemo.pt\/en\/#\/schema\/logo\/image\/","url":"https:\/\/www.friemo.pt\/wp-content\/uploads\/2022\/02\/Friemo_logo.png","contentUrl":"https:\/\/www.friemo.pt\/wp-content\/uploads\/2022\/02\/Friemo_logo.png","width":1417,"height":271,"caption":"Friemo"},"image":{"@id":"https:\/\/www.friemo.pt\/en\/#\/schema\/logo\/image\/"},"sameAs":["https:\/\/www.facebook.com\/friemo.purever","https:\/\/www.instagram.com\/friemo.purever\/"]}]}},"_links":{"self":[{"href":"https:\/\/www.friemo.pt\/es\/wp-json\/wp\/v2\/product\/8281"}],"collection":[{"href":"https:\/\/www.friemo.pt\/es\/wp-json\/wp\/v2\/product"}],"about":[{"href":"https:\/\/www.friemo.pt\/es\/wp-json\/wp\/v2\/types\/product"}],"replies":[{"embeddable":true,"href":"https:\/\/www.friemo.pt\/es\/wp-json\/wp\/v2\/comments?post=8281"}],"wp:featuredmedia":[{"embeddable":true,"href":"https:\/\/www.friemo.pt\/es\/wp-json\/wp\/v2\/media\/2317"}],"wp:attachment":[{"href":"https:\/\/www.friemo.pt\/es\/wp-json\/wp\/v2\/media?parent=8281"}],"wp:term":[{"taxonomy":"product_cat","embeddable":true,"href":"https:\/\/www.friemo.pt\/es\/wp-json\/wp\/v2\/product_cat?post=8281"},{"taxonomy":"product_tag","embeddable":true,"href":"https:\/\/www.friemo.pt\/es\/wp-json\/wp\/v2\/product_tag?post=8281"},{"taxonomy":"submarca","embeddable":true,"href":"https:\/\/www.friemo.pt\/es\/wp-json\/wp\/v2\/submarca?post=8281"},{"taxonomy":"tipo","embeddable":true,"href":"https:\/\/www.friemo.pt\/es\/wp-json\/wp\/v2\/tipo?post=8281"},{"taxonomy":"area","embeddable":true,"href":"https:\/\/www.friemo.pt\/es\/wp-json\/wp\/v2\/area?post=8281"}],"curies":[{"name":"wp","href":"https:\/\/api.w.org\/{rel}","templated":true}]}}