{"id":5260,"date":"2022-06-23T16:58:42","date_gmt":"2022-06-23T16:58:42","guid":{"rendered":"https:\/\/www.friemo.pt\/2022\/product\/estacion-de-bar-estandar\/"},"modified":"2022-11-28T17:53:57","modified_gmt":"2022-11-28T17:53:57","slug":"estacion-de-bar-estandar","status":"publish","type":"product","link":"https:\/\/www.friemo.pt\/es\/producto\/estacion-de-bar-estandar\/","title":{"rendered":"Estaci\u00f3n de bar est\u00e1ndar"},"content":{"rendered":"","protected":false},"excerpt":{"rendered":"<ul>\n<li>Mesa mural con 1000 y 1400 mm de anchura con alzado posterior<\/li>\n<li>Profundidad est\u00e1ndar de 600 o 700 mm<\/li>\n<li>Encimeras rectas centrales con 40 mm de espesor y murales con un alzado de 85 mm inclinado<\/li>\n<li>Encimeras redondeadas centrales con 50 mm de espesor y murales con un alzado de 100 mm recto<\/li>\n<li>1 estante<\/li>\n<li>Cuba redonda di\u00e1metro 200 mm<\/li>\n<li>Orificio de desperdicios 140 x 140 mm<\/li>\n<li>Placa de corte 200 x 200 x 20 mm color blanco<\/li>\n<li>Mesa 1000: 3 cubetas GN 1\/9-100H \/ 2 cubetas GN 2\/1-150H<\/li>\n<li>Mesa 1400: 4 cubetas GN 1\/9-100H \/ 3 cubetas GN 2\/1-150H<\/li>\n<li>Speed rail para botellas<\/li>\n<li>Estructura tubular 40 x 40 x 1 mm en acero inoxidable<\/li>\n<li>Construcci\u00f3n robusta y s\u00f3lida<\/li>\n<li>Patas regulables en altura<\/li>\n<li>M\u00e1s modelos y versiones disponibles<\/li>\n<\/ul>\n","protected":false},"featured_media":2897,"comment_status":"open","ping_status":"closed","template":"","meta":{"_acf_changed":false},"product_cat":[273,279,280,255],"product_tag":[],"submarca":[209],"tipo":[276,281,282],"area":[],"class_list":{"0":"post-5260","1":"product","2":"type-product","3":"status-publish","4":"has-post-thumbnail","6":"product_cat-equipamiento-neutro","7":"product_cat-estaciones-de-bar","8":"product_cat-estaciones-de-coctel","9":"product_cat-tipo-es","10":"submarca-cocktailstation","11":"tipo-equipamiento-neutro","12":"tipo-estaciones-de-bar","13":"tipo-estaciones-de-coctel","15":"first","16":"instock","17":"shipping-taxable","18":"product-type-simple"},"acf":[],"yoast_head":"<!-- This site is optimized with the Yoast SEO plugin v25.0 - https:\/\/yoast.com\/wordpress\/plugins\/seo\/ -->\n<title>Estaci\u00f3n de bar est\u00e1ndar - Friemo<\/title>\n<meta name=\"robots\" content=\"index, follow, max-snippet:-1, max-image-preview:large, max-video-preview:-1\" \/>\n<link rel=\"canonical\" href=\"https:\/\/www.friemo.pt\/es\/producto\/estacion-de-bar-estandar\/\" \/>\n<meta property=\"og:locale\" content=\"es_ES\" \/>\n<meta property=\"og:type\" content=\"article\" \/>\n<meta property=\"og:title\" content=\"Estaci\u00f3n de bar est\u00e1ndar - Friemo\" \/>\n<meta property=\"og:description\" content=\"Mesa mural con 1000 y 1400 mm de anchura con alzado posterior Profundidad est\u00e1ndar de 600 o 700 mm Encimeras rectas centrales con 40 mm de espesor y murales con un alzado de 85 mm inclinado Encimeras redondeadas centrales con 50 mm de espesor y murales con un alzado de 100 mm recto 1 estante Cuba redonda di\u00e1metro 200 mm Orificio de desperdicios 140 x 140 mm Placa de corte 200 x 200 x 20 mm color blanco Mesa 1000: 3 cubetas GN 1\/9-100H \/ 2 cubetas GN 2\/1-150H Mesa 1400: 4 cubetas GN 1\/9-100H \/ 3 cubetas GN 2\/1-150H Speed rail para botellas Estructura tubular 40 x 40 x 1 mm en acero inoxidable Construcci\u00f3n robusta y s\u00f3lida Patas regulables en altura M\u00e1s modelos y versiones disponibles\" \/>\n<meta property=\"og:url\" content=\"https:\/\/www.friemo.pt\/es\/producto\/estacion-de-bar-estandar\/\" \/>\n<meta property=\"og:site_name\" content=\"Friemo\" \/>\n<meta property=\"article:publisher\" content=\"https:\/\/www.facebook.com\/friemo.purever\" \/>\n<meta property=\"article:modified_time\" content=\"2022-11-28T17:53:57+00:00\" \/>\n<meta property=\"og:image\" content=\"https:\/\/www.friemo.pt\/wp-content\/uploads\/2022\/06\/Cocktailstation-estacao-cocktail-standard-1.jpg\" \/>\n\t<meta property=\"og:image:width\" content=\"1050\" \/>\n\t<meta property=\"og:image:height\" content=\"1050\" \/>\n\t<meta property=\"og:image:type\" content=\"image\/jpeg\" \/>\n<meta name=\"twitter:card\" content=\"summary_large_image\" \/>\n<script type=\"application\/ld+json\" class=\"yoast-schema-graph\">{\"@context\":\"https:\/\/schema.org\",\"@graph\":[{\"@type\":\"WebPage\",\"@id\":\"https:\/\/www.friemo.pt\/es\/producto\/estacion-de-bar-estandar\/\",\"url\":\"https:\/\/www.friemo.pt\/es\/producto\/estacion-de-bar-estandar\/\",\"name\":\"Estaci\u00f3n de bar est\u00e1ndar - Friemo\",\"isPartOf\":{\"@id\":\"https:\/\/www.friemo.pt\/en\/#website\"},\"primaryImageOfPage\":{\"@id\":\"https:\/\/www.friemo.pt\/es\/producto\/estacion-de-bar-estandar\/#primaryimage\"},\"image\":{\"@id\":\"https:\/\/www.friemo.pt\/es\/producto\/estacion-de-bar-estandar\/#primaryimage\"},\"thumbnailUrl\":\"https:\/\/www.friemo.pt\/wp-content\/uploads\/2022\/06\/Cocktailstation-estacao-cocktail-standard-1.jpg\",\"datePublished\":\"2022-06-23T16:58:42+00:00\",\"dateModified\":\"2022-11-28T17:53:57+00:00\",\"breadcrumb\":{\"@id\":\"https:\/\/www.friemo.pt\/es\/producto\/estacion-de-bar-estandar\/#breadcrumb\"},\"inLanguage\":\"es\",\"potentialAction\":[{\"@type\":\"ReadAction\",\"target\":[\"https:\/\/www.friemo.pt\/es\/producto\/estacion-de-bar-estandar\/\"]}]},{\"@type\":\"ImageObject\",\"inLanguage\":\"es\",\"@id\":\"https:\/\/www.friemo.pt\/es\/producto\/estacion-de-bar-estandar\/#primaryimage\",\"url\":\"https:\/\/www.friemo.pt\/wp-content\/uploads\/2022\/06\/Cocktailstation-estacao-cocktail-standard-1.jpg\",\"contentUrl\":\"https:\/\/www.friemo.pt\/wp-content\/uploads\/2022\/06\/Cocktailstation-estacao-cocktail-standard-1.jpg\",\"width\":1050,\"height\":1050},{\"@type\":\"BreadcrumbList\",\"@id\":\"https:\/\/www.friemo.pt\/es\/producto\/estacion-de-bar-estandar\/#breadcrumb\",\"itemListElement\":[{\"@type\":\"ListItem\",\"position\":1,\"name\":\"In\u00edcio\",\"item\":\"https:\/\/www.friemo.pt\/\"},{\"@type\":\"ListItem\",\"position\":2,\"name\":\"Products\",\"item\":\"https:\/\/www.friemo.pt\/en\/shop\/\"},{\"@type\":\"ListItem\",\"position\":3,\"name\":\"Estaci\u00f3n de bar est\u00e1ndar\"}]},{\"@type\":\"WebSite\",\"@id\":\"https:\/\/www.friemo.pt\/en\/#website\",\"url\":\"https:\/\/www.friemo.pt\/en\/\",\"name\":\"Friemo\",\"description\":\"Caring for what you care for\",\"publisher\":{\"@id\":\"https:\/\/www.friemo.pt\/en\/#organization\"},\"potentialAction\":[{\"@type\":\"SearchAction\",\"target\":{\"@type\":\"EntryPoint\",\"urlTemplate\":\"https:\/\/www.friemo.pt\/en\/?s={search_term_string}\"},\"query-input\":{\"@type\":\"PropertyValueSpecification\",\"valueRequired\":true,\"valueName\":\"search_term_string\"}}],\"inLanguage\":\"es\"},{\"@type\":\"Organization\",\"@id\":\"https:\/\/www.friemo.pt\/en\/#organization\",\"name\":\"Friemo\",\"url\":\"https:\/\/www.friemo.pt\/en\/\",\"logo\":{\"@type\":\"ImageObject\",\"inLanguage\":\"es\",\"@id\":\"https:\/\/www.friemo.pt\/en\/#\/schema\/logo\/image\/\",\"url\":\"https:\/\/www.friemo.pt\/wp-content\/uploads\/2022\/02\/Friemo_logo.png\",\"contentUrl\":\"https:\/\/www.friemo.pt\/wp-content\/uploads\/2022\/02\/Friemo_logo.png\",\"width\":1417,\"height\":271,\"caption\":\"Friemo\"},\"image\":{\"@id\":\"https:\/\/www.friemo.pt\/en\/#\/schema\/logo\/image\/\"},\"sameAs\":[\"https:\/\/www.facebook.com\/friemo.purever\",\"https:\/\/www.instagram.com\/friemo.purever\/\"]}]}<\/script>\n<!-- \/ Yoast SEO plugin. -->","yoast_head_json":{"title":"Estaci\u00f3n de bar est\u00e1ndar - Friemo","robots":{"index":"index","follow":"follow","max-snippet":"max-snippet:-1","max-image-preview":"max-image-preview:large","max-video-preview":"max-video-preview:-1"},"canonical":"https:\/\/www.friemo.pt\/es\/producto\/estacion-de-bar-estandar\/","og_locale":"es_ES","og_type":"article","og_title":"Estaci\u00f3n de bar est\u00e1ndar - Friemo","og_description":"Mesa mural con 1000 y 1400 mm de anchura con alzado posterior Profundidad est\u00e1ndar de 600 o 700 mm Encimeras rectas centrales con 40 mm de espesor y murales con un alzado de 85 mm inclinado Encimeras redondeadas centrales con 50 mm de espesor y murales con un alzado de 100 mm recto 1 estante Cuba redonda di\u00e1metro 200 mm Orificio de desperdicios 140 x 140 mm Placa de corte 200 x 200 x 20 mm color blanco Mesa 1000: 3 cubetas GN 1\/9-100H \/ 2 cubetas GN 2\/1-150H Mesa 1400: 4 cubetas GN 1\/9-100H \/ 3 cubetas GN 2\/1-150H Speed rail para botellas Estructura tubular 40 x 40 x 1 mm en acero inoxidable Construcci\u00f3n robusta y s\u00f3lida Patas regulables en altura M\u00e1s modelos y versiones disponibles","og_url":"https:\/\/www.friemo.pt\/es\/producto\/estacion-de-bar-estandar\/","og_site_name":"Friemo","article_publisher":"https:\/\/www.facebook.com\/friemo.purever","article_modified_time":"2022-11-28T17:53:57+00:00","og_image":[{"width":1050,"height":1050,"url":"https:\/\/www.friemo.pt\/wp-content\/uploads\/2022\/06\/Cocktailstation-estacao-cocktail-standard-1.jpg","type":"image\/jpeg"}],"twitter_card":"summary_large_image","schema":{"@context":"https:\/\/schema.org","@graph":[{"@type":"WebPage","@id":"https:\/\/www.friemo.pt\/es\/producto\/estacion-de-bar-estandar\/","url":"https:\/\/www.friemo.pt\/es\/producto\/estacion-de-bar-estandar\/","name":"Estaci\u00f3n de bar est\u00e1ndar - Friemo","isPartOf":{"@id":"https:\/\/www.friemo.pt\/en\/#website"},"primaryImageOfPage":{"@id":"https:\/\/www.friemo.pt\/es\/producto\/estacion-de-bar-estandar\/#primaryimage"},"image":{"@id":"https:\/\/www.friemo.pt\/es\/producto\/estacion-de-bar-estandar\/#primaryimage"},"thumbnailUrl":"https:\/\/www.friemo.pt\/wp-content\/uploads\/2022\/06\/Cocktailstation-estacao-cocktail-standard-1.jpg","datePublished":"2022-06-23T16:58:42+00:00","dateModified":"2022-11-28T17:53:57+00:00","breadcrumb":{"@id":"https:\/\/www.friemo.pt\/es\/producto\/estacion-de-bar-estandar\/#breadcrumb"},"inLanguage":"es","potentialAction":[{"@type":"ReadAction","target":["https:\/\/www.friemo.pt\/es\/producto\/estacion-de-bar-estandar\/"]}]},{"@type":"ImageObject","inLanguage":"es","@id":"https:\/\/www.friemo.pt\/es\/producto\/estacion-de-bar-estandar\/#primaryimage","url":"https:\/\/www.friemo.pt\/wp-content\/uploads\/2022\/06\/Cocktailstation-estacao-cocktail-standard-1.jpg","contentUrl":"https:\/\/www.friemo.pt\/wp-content\/uploads\/2022\/06\/Cocktailstation-estacao-cocktail-standard-1.jpg","width":1050,"height":1050},{"@type":"BreadcrumbList","@id":"https:\/\/www.friemo.pt\/es\/producto\/estacion-de-bar-estandar\/#breadcrumb","itemListElement":[{"@type":"ListItem","position":1,"name":"In\u00edcio","item":"https:\/\/www.friemo.pt\/"},{"@type":"ListItem","position":2,"name":"Products","item":"https:\/\/www.friemo.pt\/en\/shop\/"},{"@type":"ListItem","position":3,"name":"Estaci\u00f3n de bar est\u00e1ndar"}]},{"@type":"WebSite","@id":"https:\/\/www.friemo.pt\/en\/#website","url":"https:\/\/www.friemo.pt\/en\/","name":"Friemo","description":"Caring for what you care for","publisher":{"@id":"https:\/\/www.friemo.pt\/en\/#organization"},"potentialAction":[{"@type":"SearchAction","target":{"@type":"EntryPoint","urlTemplate":"https:\/\/www.friemo.pt\/en\/?s={search_term_string}"},"query-input":{"@type":"PropertyValueSpecification","valueRequired":true,"valueName":"search_term_string"}}],"inLanguage":"es"},{"@type":"Organization","@id":"https:\/\/www.friemo.pt\/en\/#organization","name":"Friemo","url":"https:\/\/www.friemo.pt\/en\/","logo":{"@type":"ImageObject","inLanguage":"es","@id":"https:\/\/www.friemo.pt\/en\/#\/schema\/logo\/image\/","url":"https:\/\/www.friemo.pt\/wp-content\/uploads\/2022\/02\/Friemo_logo.png","contentUrl":"https:\/\/www.friemo.pt\/wp-content\/uploads\/2022\/02\/Friemo_logo.png","width":1417,"height":271,"caption":"Friemo"},"image":{"@id":"https:\/\/www.friemo.pt\/en\/#\/schema\/logo\/image\/"},"sameAs":["https:\/\/www.facebook.com\/friemo.purever","https:\/\/www.instagram.com\/friemo.purever\/"]}]}},"_links":{"self":[{"href":"https:\/\/www.friemo.pt\/es\/wp-json\/wp\/v2\/product\/5260"}],"collection":[{"href":"https:\/\/www.friemo.pt\/es\/wp-json\/wp\/v2\/product"}],"about":[{"href":"https:\/\/www.friemo.pt\/es\/wp-json\/wp\/v2\/types\/product"}],"replies":[{"embeddable":true,"href":"https:\/\/www.friemo.pt\/es\/wp-json\/wp\/v2\/comments?post=5260"}],"wp:featuredmedia":[{"embeddable":true,"href":"https:\/\/www.friemo.pt\/es\/wp-json\/wp\/v2\/media\/2897"}],"wp:attachment":[{"href":"https:\/\/www.friemo.pt\/es\/wp-json\/wp\/v2\/media?parent=5260"}],"wp:term":[{"taxonomy":"product_cat","embeddable":true,"href":"https:\/\/www.friemo.pt\/es\/wp-json\/wp\/v2\/product_cat?post=5260"},{"taxonomy":"product_tag","embeddable":true,"href":"https:\/\/www.friemo.pt\/es\/wp-json\/wp\/v2\/product_tag?post=5260"},{"taxonomy":"submarca","embeddable":true,"href":"https:\/\/www.friemo.pt\/es\/wp-json\/wp\/v2\/submarca?post=5260"},{"taxonomy":"tipo","embeddable":true,"href":"https:\/\/www.friemo.pt\/es\/wp-json\/wp\/v2\/tipo?post=5260"},{"taxonomy":"area","embeddable":true,"href":"https:\/\/www.friemo.pt\/es\/wp-json\/wp\/v2\/area?post=5260"}],"curies":[{"name":"wp","href":"https:\/\/api.w.org\/{rel}","templated":true}]}}